{"id":2599,"date":"2022-03-03T09:03:59","date_gmt":"2022-03-03T09:03:59","guid":{"rendered":"https:\/\/www.goadvertise.net\/material-de-oficina-personalizado\/"},"modified":"2022-03-03T09:03:59","modified_gmt":"2022-03-03T09:03:59","slug":"material-de-oficina-personalizado","status":"publish","type":"page","link":"https:\/\/goadvertise.net\/nl\/material-de-oficina-personalizado\/","title":{"rendered":"Material de oficina personalizado"},"content":{"rendered":"<p><img decoding=\"async\" src=\"\/goadvertise\/wp-content\/uploads\/2022\/01\/LOGO-GO-ADVERTISE-ES-E-blanco-bg_inverse.svg\" alt=\"\"><\/p>\n<div>\n<p>\u00a0<\/p>\n<p>\u00a0<\/p>\n<p>\u00a0<\/p>\n<\/div>\n<div>\n<h1 class=\"uk-heading-medium\" data-id=\"page#1-0-0-0\" style=\"text-align: right;\"><span class=\"uk-text-background\">Material de oficina personalizado<\/span><\/h1>\n<\/div>\n<h1>\n<p>Papel de carta personalizado de empresa<\/p>\n<\/h1>\n<div>\n<p><span style=\"font-size: large;\">Un indispensable en cualquier negocio es el papel de carta personalizado para empresa. La mayor\u00eda de las veces se utiliza para colocarlo en la impresora y poder imprimir lo que necesitemos en ese papel, aunque obviamente tambi\u00e9n se puede utilizar para escribir a mano cuando por ejemplo tenemos que explicarle algo a nuestro cliente. Las calidades son estupendas y queda realmente bonito. Se pueden poner <\/span><span style=\"font-size: large;\"><b>diferentes dise\u00f1os<\/b><\/span><span style=\"font-size: large;\"> con los datos de la compa\u00f1\u00eda, logo, alguna frase que identifique al negocio etc. Si no sabes por d\u00f3nde empezar te ayudamos a crear una imagen que te identifique.<\/span><\/p>\n<p><span style=\"font-size: large;\">Hay <\/span><span style=\"font-size: large;\"><b>diferentes gramajes, se pueden imprimir en cualquier color<\/b><\/span><span style=\"font-size: large;\"> y en la cantidad que te haga falta.<\/span><\/p>\n<\/div>\n<h1>Sobres personalizados empresa<\/h1>\n<div>\n<p><span style=\"font-size: large;\">Los sobres personalizados de empresa son un medio de publicidad personalizada para env\u00edos de cartas en papel. Suelen venir con el logo y nombre de la empresa <\/span><span style=\"font-size: large;\"><b>para que su receptor identifique al remitente de forma r\u00e1pida<\/b><\/span><span style=\"font-size: large;\"> antes de abrir el sobre.<\/span><\/p>\n<p><span style=\"font-size: large;\">Hay diversos modelos tanto en dise\u00f1o como en tama\u00f1o y podemos imprimir cualquier cantidad.<\/span><\/p>\n<\/div>\n<h1>Sellos<\/h1>\n<div>\n<p><span style=\"font-size: large;\">Otros de los indispensables en cualquier empresa son los sellos. <\/span><span style=\"font-size: large;\"><b>Facilita las tareas de administraci\u00f3n<\/b><\/span><span style=\"font-size: large;\"> plasmando de forma r\u00e1pida todos los datos de la empresa o marcando como cobrado, facturado, anulado etc.<\/span><\/p>\n<p><span style=\"font-size: large;\">Todos los sellos <\/span><span style=\"font-size: large;\"><b>pueden personalizarse<\/b><\/span><span style=\"font-size: large;\"> con el nombre, logo y tus datos. Se puede elegir entre autom\u00e1tico o manual y en diferentes tama\u00f1os y tintas.<\/span><\/p>\n<\/div>\n<h1>Tacos de Notas<\/h1>\n<div>\n<p><span style=\"font-size: large;\">Cuando hablamos de material de oficina no nos podemos olvidar de los tacos de notas. Los hacemos <\/span><span style=\"font-size: large;\"><b>encolados con la impresi\u00f3n que elijas<\/b><\/span><span style=\"font-size: large;\">, ya sea tu logo y tus datos, o cualquier otra cosa que identifique a tu empresa. <\/span><\/p>\n<p><span style=\"font-size: large;\">Se pueden imprimir en cualquier color, forma, formato, cantidad de hojas y gramaje.<\/span><\/p>\n<p><span style=\"font-size: large;\">\u00a0<\/span><\/p>\n<\/div>\n<p><!--more--><br \/>\n<!-- {\"name\":\"Servicio\",\"type\":\"layout\",\"children\":[{\"type\":\"section\",\"props\":{\"style\":\"default\",\"width\":\"default\",\"vertical_align\":\"middle\",\"title_position\":\"top-left\",\"title_rotation\":\"left\",\"title_breakpoint\":\"xl\",\"image_position\":\"center-center\",\"padding\":\"xsmall\",\"padding_remove_top\":true},\"children\":[{\"type\":\"row\",\"children\":[{\"type\":\"column\",\"props\":{\"position_sticky_breakpoint\":\"m\",\"image_position\":\"center-center\",\"media_overlay_gradient\":\"\"},\"children\":[]}]}]},{\"type\":\"section\",\"props\":{\"style\":\"default\",\"width\":\"default\",\"vertical_align\":\"middle\",\"title_position\":\"top-left\",\"title_rotation\":\"left\",\"title_breakpoint\":\"xl\",\"image_position\":\"center-center\",\"padding\":\"small\",\"image\":\"wp-content\\\/uploads\\\/2022\\\/02\\\/Tidalwave-1.jpg\",\"media_overlay\":\"rgba(0, 0, 0, 0.4)\",\"padding_remove_bottom\":false,\"class\":\"uk-visible@m\"},\"children\":[{\"type\":\"row\",\"props\":{\"layout\":\"1-3,2-3\",\"margin_remove_top\":false,\"attributes\":\"\",\"margin_remove_bottom\":true},\"children\":[{\"type\":\"column\",\"props\":{\"position_sticky_breakpoint\":\"m\",\"image_position\":\"center-center\",\"media_overlay_gradient\":\"\",\"width_medium\":\"1-3\"},\"children\":[{\"type\":\"image\",\"props\":{\"margin\":\"default\",\"image_svg_color\":\"emphasis\",\"image\":\"wp-content\\\/uploads\\\/2022\\\/01\\\/LOGO-GO-ADVERTISE-ES-E-blanco-bg_inverse.svg\",\"image_width\":\"300\",\"image_height\":\"300\"}}]},{\"type\":\"column\",\"props\":{\"position_sticky_breakpoint\":\"m\",\"image_position\":\"center-center\",\"media_overlay_gradient\":\"\",\"width_medium\":\"2-3\"},\"children\":[{\"type\":\"text\",\"props\":{\"margin\":\"default\",\"column_breakpoint\":\"m\",\"content\":\"\n\n<p>\\u00a0<\\\/p>\\n\n\n<p>\\u00a0<\\\/p>\\n\n\n<p>\\u00a0<\\\/p>\"}},{\"type\":\"text\",\"props\":{\"margin\":\"default\",\"column_breakpoint\":\"m\",\"content\":\"\n\n<h1 class=\\\"uk-heading-medium\\\" data-id=\\\"page#1-0-0-0\\\" style=\\\"text-align: right;\\\"><span class=\\\"uk-text-background\\\">Material de oficina personalizado<\\\/span><\\\/h1>\",\"css\":\".el-element *{\\n\\tcolor: white !important;\\n    text-shadow: 1px 1px 2px black;\\n    font-size: 32pt;\\n}\"}}]}]}],\"name\":\"service hero new\",\"modified\":\"2022-03-07T11:17:51.360Z\"},{\"type\":\"section\",\"props\":{\"style\":\"muted\",\"width\":\"large\",\"vertical_align\":\"middle\",\"title_position\":\"top-left\",\"title_rotation\":\"left\",\"title_breakpoint\":\"xl\",\"image_position\":\"center-center\",\"padding\":\"small\",\"overlap\":false},\"children\":[{\"type\":\"row\",\"children\":[{\"type\":\"column\",\"props\":{\"position_sticky_breakpoint\":\"m\",\"image_position\":\"center-center\",\"media_overlay_gradient\":\"\"},\"children\":[{\"type\":\"headline\",\"props\":{\"title_element\":\"h1\",\"content\":\"\n\n<p>Papel de carta personalizado de empresa<\\\/p>\"}}]}]},{\"type\":\"row\",\"props\":{\"layout\":\"1-2,1-2\"},\"children\":[{\"type\":\"column\",\"props\":{\"position_sticky_breakpoint\":\"m\",\"image_position\":\"center-center\",\"media_overlay_gradient\":\"\",\"width_medium\":\"1-2\"},\"children\":[{\"type\":\"slideshow\",\"props\":{\"show_title\":true,\"show_meta\":true,\"show_content\":true,\"show_link\":true,\"show_thumbnail\":true,\"slideshow_min_height\":\"300\",\"slideshow_autoplay_pause\":true,\"nav\":\"dotnav\",\"nav_position\":\"bottom-center\",\"nav_position_margin\":\"medium\",\"nav_align\":\"center\",\"nav_breakpoint\":\"s\",\"thumbnav_width\":\"100\",\"thumbnav_height\":\"75\",\"thumbnav_svg_color\":\"emphasis\",\"slidenav\":\"default\",\"slidenav_margin\":\"medium\",\"slidenav_breakpoint\":\"s\",\"slidenav_outside_breakpoint\":\"xl\",\"overlay_position\":\"center-left\",\"overlay_animation\":\"parallax\",\"title_element\":\"h3\",\"meta_style\":\"meta\",\"meta_align\":\"below-title\",\"meta_element\":\"div\",\"link_text\":\"Read more\",\"link_style\":\"default\",\"margin\":\"default\",\"slideshow_ratio\":\"4:3\",\"slideshow_max_height\":\"\"},\"children\":[]}]},{\"type\":\"column\",\"props\":{\"position_sticky_breakpoint\":\"m\",\"image_position\":\"center-center\",\"media_overlay_gradient\":\"\",\"width_medium\":\"1-2\"},\"children\":[{\"type\":\"text\",\"props\":{\"margin\":\"default\",\"column_breakpoint\":\"m\",\"maxwidth\":\"2xlarge\",\"content\":\"\n\n<p><span style=\\\"font-size: large;\\\">Un indispensable en cualquier negocio es el papel de carta personalizado para empresa. La mayor\\u00eda de las veces se utiliza para colocarlo en la impresora y poder imprimir lo que necesitemos en ese papel, aunque obviamente tambi\\u00e9n se puede utilizar para escribir a mano cuando por ejemplo tenemos que explicarle algo a nuestro cliente. Las calidades son estupendas y queda realmente bonito. Se pueden poner <\\\/span><span style=\\\"font-size: large;\\\"><b>diferentes dise\\u00f1os<\\\/b><\\\/span><span style=\\\"font-size: large;\\\"> con los datos de la compa\\u00f1\\u00eda, logo, alguna frase que identifique al negocio etc. Si no sabes por d\\u00f3nde empezar te ayudamos a crear una imagen que te identifique.<\\\/span><\\\/p>\\n\n\n<p><span style=\\\"font-size: large;\\\">Hay <\\\/span><span style=\\\"font-size: large;\\\"><b>diferentes gramajes, se pueden imprimir en cualquier color<\\\/b><\\\/span><span style=\\\"font-size: large;\\\"> y en la cantidad que te haga falta.<\\\/span><\\\/p>\",\"text_style\":\"lead\"}}]}]}],\"name\":\"Papel de carta personalizado de empresa\"},{\"type\":\"section\",\"props\":{\"style\":\"default\",\"width\":\"default\",\"vertical_align\":\"middle\",\"title_position\":\"top-left\",\"title_rotation\":\"left\",\"title_breakpoint\":\"xl\",\"image_position\":\"center-center\"},\"children\":[{\"type\":\"row\",\"children\":[{\"type\":\"column\",\"props\":{\"position_sticky_breakpoint\":\"m\",\"image_position\":\"center-center\",\"media_overlay_gradient\":\"\"},\"children\":[]}]}],\"name\":\"Margin\"},{\"type\":\"section\",\"props\":{\"style\":\"muted\",\"width\":\"large\",\"vertical_align\":\"middle\",\"title_position\":\"top-left\",\"title_rotation\":\"left\",\"title_breakpoint\":\"xl\",\"image_position\":\"center-center\",\"padding\":\"small\",\"overlap\":false},\"children\":[{\"type\":\"row\",\"children\":[{\"type\":\"column\",\"props\":{\"position_sticky_breakpoint\":\"m\",\"image_position\":\"center-center\",\"media_overlay_gradient\":\"\"},\"children\":[{\"type\":\"headline\",\"props\":{\"title_element\":\"h1\",\"content\":\"Sobres personalizados empresa\"}}]}]},{\"type\":\"row\",\"props\":{\"layout\":\"1-2,1-2\"},\"children\":[{\"type\":\"column\",\"props\":{\"position_sticky_breakpoint\":\"m\",\"image_position\":\"center-center\",\"media_overlay_gradient\":\"\",\"width_medium\":\"1-2\"},\"children\":[{\"type\":\"slideshow\",\"props\":{\"show_title\":true,\"show_meta\":true,\"show_content\":true,\"show_link\":true,\"show_thumbnail\":true,\"slideshow_min_height\":300,\"slideshow_autoplay_pause\":true,\"nav\":\"dotnav\",\"nav_position\":\"bottom-center\",\"nav_position_margin\":\"medium\",\"nav_align\":\"center\",\"nav_breakpoint\":\"s\",\"thumbnav_width\":\"100\",\"thumbnav_height\":\"75\",\"thumbnav_svg_color\":\"emphasis\",\"slidenav\":\"default\",\"slidenav_margin\":\"medium\",\"slidenav_breakpoint\":\"s\",\"slidenav_outside_breakpoint\":\"xl\",\"overlay_position\":\"center-left\",\"overlay_animation\":\"parallax\",\"title_element\":\"h3\",\"meta_style\":\"meta\",\"meta_align\":\"below-title\",\"meta_element\":\"div\",\"link_text\":\"Read more\",\"link_style\":\"default\",\"margin\":\"default\",\"slideshow_ratio\":\"4:3\"},\"children\":[]}]},{\"type\":\"column\",\"props\":{\"position_sticky_breakpoint\":\"m\",\"image_position\":\"center-center\",\"media_overlay_gradient\":\"\",\"width_medium\":\"1-2\"},\"children\":[{\"type\":\"text\",\"props\":{\"margin\":\"default\",\"column_breakpoint\":\"m\",\"maxwidth\":\"2xlarge\",\"content\":\"\n\n<p><span style=\\\"font-size: large;\\\">Los sobres personalizados de empresa son un medio de publicidad personalizada para env\\u00edos de cartas en papel. Suelen venir con el logo y nombre de la empresa <\\\/span><span style=\\\"font-size: large;\\\"><b>para que su receptor identifique al remitente de forma r\\u00e1pida<\\\/b><\\\/span><span style=\\\"font-size: large;\\\"> antes de abrir el sobre.<\\\/span><\\\/p>\\n\n\n<p><span style=\\\"font-size: large;\\\">Hay diversos modelos tanto en dise\\u00f1o como en tama\\u00f1o y podemos imprimir cualquier cantidad.<\\\/span><\\\/p>\",\"text_style\":\"lead\"}}]}]}],\"name\":\"Sobres personalizados empresa\"},{\"type\":\"section\",\"props\":{\"style\":\"default\",\"width\":\"default\",\"vertical_align\":\"middle\",\"title_position\":\"top-left\",\"title_rotation\":\"left\",\"title_breakpoint\":\"xl\",\"image_position\":\"center-center\"},\"children\":[{\"type\":\"row\",\"children\":[{\"type\":\"column\",\"props\":{\"position_sticky_breakpoint\":\"m\",\"image_position\":\"center-center\",\"media_overlay_gradient\":\"\"},\"children\":[]}]}],\"name\":\"Margin\"},{\"type\":\"section\",\"props\":{\"style\":\"muted\",\"width\":\"large\",\"vertical_align\":\"middle\",\"title_position\":\"top-left\",\"title_rotation\":\"left\",\"title_breakpoint\":\"xl\",\"image_position\":\"center-center\",\"padding\":\"small\",\"overlap\":false},\"children\":[{\"type\":\"row\",\"children\":[{\"type\":\"column\",\"props\":{\"position_sticky_breakpoint\":\"m\",\"image_position\":\"center-center\",\"media_overlay_gradient\":\"\"},\"children\":[{\"type\":\"headline\",\"props\":{\"title_element\":\"h1\",\"content\":\"Sellos\"}}]}]},{\"type\":\"row\",\"props\":{\"layout\":\"1-2,1-2\"},\"children\":[{\"type\":\"column\",\"props\":{\"position_sticky_breakpoint\":\"m\",\"image_position\":\"center-center\",\"media_overlay_gradient\":\"\",\"width_medium\":\"1-2\"},\"children\":[{\"type\":\"slideshow\",\"props\":{\"show_title\":true,\"show_meta\":true,\"show_content\":true,\"show_link\":true,\"show_thumbnail\":true,\"slideshow_min_height\":300,\"slideshow_autoplay_pause\":true,\"nav\":\"dotnav\",\"nav_position\":\"bottom-center\",\"nav_position_margin\":\"medium\",\"nav_align\":\"center\",\"nav_breakpoint\":\"s\",\"thumbnav_width\":\"100\",\"thumbnav_height\":\"75\",\"thumbnav_svg_color\":\"emphasis\",\"slidenav\":\"default\",\"slidenav_margin\":\"medium\",\"slidenav_breakpoint\":\"s\",\"slidenav_outside_breakpoint\":\"xl\",\"overlay_position\":\"center-left\",\"overlay_animation\":\"parallax\",\"title_element\":\"h3\",\"meta_style\":\"meta\",\"meta_align\":\"below-title\",\"meta_element\":\"div\",\"link_text\":\"Read more\",\"link_style\":\"default\",\"margin\":\"default\",\"slideshow_ratio\":\"4:3\"},\"children\":[]}]},{\"type\":\"column\",\"props\":{\"position_sticky_breakpoint\":\"m\",\"image_position\":\"center-center\",\"media_overlay_gradient\":\"\",\"width_medium\":\"1-2\"},\"children\":[{\"type\":\"text\",\"props\":{\"margin\":\"default\",\"column_breakpoint\":\"m\",\"maxwidth\":\"2xlarge\",\"content\":\"\n\n<p><span style=\\\"font-size: large;\\\">Otros de los indispensables en cualquier empresa son los sellos. <\\\/span><span style=\\\"font-size: large;\\\"><b>Facilita las tareas de administraci\\u00f3n<\\\/b><\\\/span><span style=\\\"font-size: large;\\\"> plasmando de forma r\\u00e1pida todos los datos de la empresa o marcando como cobrado, facturado, anulado etc.<\\\/span><\\\/p>\\n\n\n<p><span style=\\\"font-size: large;\\\">Todos los sellos <\\\/span><span style=\\\"font-size: large;\\\"><b>pueden personalizarse<\\\/b><\\\/span><span style=\\\"font-size: large;\\\"> con el nombre, logo y tus datos. Se puede elegir entre autom\\u00e1tico o manual y en diferentes tama\\u00f1os y tintas.<\\\/span><\\\/p>\",\"text_style\":\"lead\"}}]}]}],\"name\":\"Sellos\"},{\"type\":\"section\",\"props\":{\"style\":\"default\",\"width\":\"default\",\"vertical_align\":\"middle\",\"title_position\":\"top-left\",\"title_rotation\":\"left\",\"title_breakpoint\":\"xl\",\"image_position\":\"center-center\"},\"children\":[{\"type\":\"row\",\"children\":[{\"type\":\"column\",\"props\":{\"position_sticky_breakpoint\":\"m\",\"image_position\":\"center-center\",\"media_overlay_gradient\":\"\"},\"children\":[]}]}],\"name\":\"Margin\"},{\"type\":\"section\",\"props\":{\"style\":\"muted\",\"width\":\"large\",\"vertical_align\":\"middle\",\"title_position\":\"top-left\",\"title_rotation\":\"left\",\"title_breakpoint\":\"xl\",\"image_position\":\"center-center\",\"padding\":\"small\",\"overlap\":false},\"children\":[{\"type\":\"row\",\"children\":[{\"type\":\"column\",\"props\":{\"position_sticky_breakpoint\":\"m\",\"image_position\":\"center-center\",\"media_overlay_gradient\":\"\"},\"children\":[{\"type\":\"headline\",\"props\":{\"title_element\":\"h1\",\"content\":\"Tacos de Notas\"}}]}]},{\"type\":\"row\",\"props\":{\"layout\":\"1-2,1-2\"},\"children\":[{\"type\":\"column\",\"props\":{\"position_sticky_breakpoint\":\"m\",\"image_position\":\"center-center\",\"media_overlay_gradient\":\"\",\"width_medium\":\"1-2\"},\"children\":[{\"type\":\"slideshow\",\"props\":{\"show_title\":true,\"show_meta\":true,\"show_content\":true,\"show_link\":true,\"show_thumbnail\":true,\"slideshow_min_height\":300,\"slideshow_autoplay_pause\":true,\"nav\":\"dotnav\",\"nav_position\":\"bottom-center\",\"nav_position_margin\":\"medium\",\"nav_align\":\"center\",\"nav_breakpoint\":\"s\",\"thumbnav_width\":\"100\",\"thumbnav_height\":\"75\",\"thumbnav_svg_color\":\"emphasis\",\"slidenav\":\"default\",\"slidenav_margin\":\"medium\",\"slidenav_breakpoint\":\"s\",\"slidenav_outside_breakpoint\":\"xl\",\"overlay_position\":\"center-left\",\"overlay_animation\":\"parallax\",\"title_element\":\"h3\",\"meta_style\":\"meta\",\"meta_align\":\"below-title\",\"meta_element\":\"div\",\"link_text\":\"Read more\",\"link_style\":\"default\",\"margin\":\"default\",\"slideshow_ratio\":\"4:3\"},\"children\":[]}]},{\"type\":\"column\",\"props\":{\"position_sticky_breakpoint\":\"m\",\"image_position\":\"center-center\",\"media_overlay_gradient\":\"\",\"width_medium\":\"1-2\"},\"children\":[{\"type\":\"text\",\"props\":{\"margin\":\"default\",\"column_breakpoint\":\"m\",\"maxwidth\":\"2xlarge\",\"content\":\"\n\n<p><span style=\\\"font-size: large;\\\">Cuando hablamos de material de oficina no nos podemos olvidar de los tacos de notas. Los hacemos <\\\/span><span style=\\\"font-size: large;\\\"><b>encolados con la impresi\\u00f3n que elijas<\\\/b><\\\/span><span style=\\\"font-size: large;\\\">, ya sea tu logo y tus datos, o cualquier otra cosa que identifique a tu empresa. <\\\/span><\\\/p>\\n\n\n<p><span style=\\\"font-size: large;\\\">Se pueden imprimir en cualquier color, forma, formato, cantidad de hojas y gramaje.<\\\/span><\\\/p>\\n\n\n<p><span style=\\\"font-size: large;\\\">\\u00a0<\\\/span><\\\/p>\",\"text_style\":\"lead\"}}]}]}],\"name\":\"Tacos de Notas\"},{\"type\":\"section\",\"props\":{\"style\":\"default\",\"width\":\"default\",\"vertical_align\":\"middle\",\"title_position\":\"top-left\",\"title_rotation\":\"left\",\"title_breakpoint\":\"xl\",\"image_position\":\"center-center\"},\"children\":[{\"type\":\"row\",\"children\":[{\"type\":\"column\",\"props\":{\"position_sticky_breakpoint\":\"m\",\"image_position\":\"center-center\",\"media_overlay_gradient\":\"\"},\"children\":[]}]}],\"name\":\"Margin\"}],\"version\":\"2.7.16\"} --><\/p>\n","protected":false},"excerpt":{"rendered":"<p>\u00a0 \u00a0 \u00a0 Material de oficina personalizado Papel de carta personalizado de empresa Un indispensable en cualquier negocio es el papel de carta personalizado para empresa. La mayor\u00eda de las veces se utiliza para colocarlo en la impresora y poder imprimir lo que necesitemos en ese papel, aunque obviamente tambi\u00e9n se puede utilizar para escribir [&hellip;]<\/p>\n","protected":false},"author":1,"featured_media":0,"parent":0,"menu_order":2,"comment_status":"open","ping_status":"closed","template":"","meta":[],"acf":[],"yoast_head":"<!-- This site is optimized with the Yoast SEO plugin v21.8.1 - https:\/\/yoast.com\/wordpress\/plugins\/seo\/ -->\n<title>Material de oficina personalizado - G.O. Advertise<\/title>\n<meta name=\"robots\" content=\"index, follow, max-snippet:-1, max-image-preview:large, max-video-preview:-1\" \/>\n<link rel=\"canonical\" href=\"https:\/\/goadvertise.net\/nl\/material-de-oficina-personalizado\/\" \/>\n<meta property=\"og:locale\" content=\"nl_NL\" \/>\n<meta property=\"og:type\" content=\"article\" \/>\n<meta property=\"og:title\" content=\"Material de oficina personalizado - G.O. Advertise\" \/>\n<meta property=\"og:description\" content=\"\u00a0 \u00a0 \u00a0 Material de oficina personalizado Papel de carta personalizado de empresa Un indispensable en cualquier negocio es el papel de carta personalizado para empresa. La mayor\u00eda de las veces se utiliza para colocarlo en la impresora y poder imprimir lo que necesitemos en ese papel, aunque obviamente tambi\u00e9n se puede utilizar para escribir [&hellip;]\" \/>\n<meta property=\"og:url\" content=\"https:\/\/goadvertise.net\/nl\/material-de-oficina-personalizado\/\" \/>\n<meta property=\"og:site_name\" content=\"G.O. Advertise\" \/>\n<meta name=\"twitter:card\" content=\"summary_large_image\" \/>\n<meta name=\"twitter:label1\" content=\"Geschatte leestijd\" \/>\n\t<meta name=\"twitter:data1\" content=\"2 minuten\" \/>\n<script type=\"application\/ld+json\" class=\"yoast-schema-graph\">{\"@context\":\"https:\/\/schema.org\",\"@graph\":[{\"@type\":\"WebPage\",\"@id\":\"https:\/\/goadvertise.net\/nl\/material-de-oficina-personalizado\/\",\"url\":\"https:\/\/goadvertise.net\/nl\/material-de-oficina-personalizado\/\",\"name\":\"Material de oficina personalizado - G.O. Advertise\",\"isPartOf\":{\"@id\":\"https:\/\/goadvertise.net\/nl\/#website\"},\"datePublished\":\"2022-03-03T09:03:59+00:00\",\"dateModified\":\"2022-03-03T09:03:59+00:00\",\"breadcrumb\":{\"@id\":\"https:\/\/goadvertise.net\/nl\/material-de-oficina-personalizado\/#breadcrumb\"},\"inLanguage\":\"nl-NL\",\"potentialAction\":[{\"@type\":\"ReadAction\",\"target\":[\"https:\/\/goadvertise.net\/nl\/material-de-oficina-personalizado\/\"]}]},{\"@type\":\"BreadcrumbList\",\"@id\":\"https:\/\/goadvertise.net\/nl\/material-de-oficina-personalizado\/#breadcrumb\",\"itemListElement\":[{\"@type\":\"ListItem\",\"position\":1,\"name\":\"Home\",\"item\":\"https:\/\/goadvertise.net\/nl\/\"},{\"@type\":\"ListItem\",\"position\":2,\"name\":\"Material de oficina personalizado\"}]},{\"@type\":\"WebSite\",\"@id\":\"https:\/\/goadvertise.net\/nl\/#website\",\"url\":\"https:\/\/goadvertise.net\/nl\/\",\"name\":\"G.O. Advertise\",\"description\":\"Tu publicidad m\u00e1s internacional.\",\"potentialAction\":[{\"@type\":\"SearchAction\",\"target\":{\"@type\":\"EntryPoint\",\"urlTemplate\":\"https:\/\/goadvertise.net\/nl\/?s={search_term_string}\"},\"query-input\":\"required name=search_term_string\"}],\"inLanguage\":\"nl-NL\"}]}<\/script>\n<!-- \/ Yoast SEO plugin. -->","yoast_head_json":{"title":"Material de oficina personalizado - G.O. Advertise","robots":{"index":"index","follow":"follow","max-snippet":"max-snippet:-1","max-image-preview":"max-image-preview:large","max-video-preview":"max-video-preview:-1"},"canonical":"https:\/\/goadvertise.net\/nl\/material-de-oficina-personalizado\/","og_locale":"nl_NL","og_type":"article","og_title":"Material de oficina personalizado - G.O. Advertise","og_description":"\u00a0 \u00a0 \u00a0 Material de oficina personalizado Papel de carta personalizado de empresa Un indispensable en cualquier negocio es el papel de carta personalizado para empresa. La mayor\u00eda de las veces se utiliza para colocarlo en la impresora y poder imprimir lo que necesitemos en ese papel, aunque obviamente tambi\u00e9n se puede utilizar para escribir [&hellip;]","og_url":"https:\/\/goadvertise.net\/nl\/material-de-oficina-personalizado\/","og_site_name":"G.O. Advertise","twitter_card":"summary_large_image","twitter_misc":{"Geschatte leestijd":"2 minuten"},"schema":{"@context":"https:\/\/schema.org","@graph":[{"@type":"WebPage","@id":"https:\/\/goadvertise.net\/nl\/material-de-oficina-personalizado\/","url":"https:\/\/goadvertise.net\/nl\/material-de-oficina-personalizado\/","name":"Material de oficina personalizado - G.O. Advertise","isPartOf":{"@id":"https:\/\/goadvertise.net\/nl\/#website"},"datePublished":"2022-03-03T09:03:59+00:00","dateModified":"2022-03-03T09:03:59+00:00","breadcrumb":{"@id":"https:\/\/goadvertise.net\/nl\/material-de-oficina-personalizado\/#breadcrumb"},"inLanguage":"nl-NL","potentialAction":[{"@type":"ReadAction","target":["https:\/\/goadvertise.net\/nl\/material-de-oficina-personalizado\/"]}]},{"@type":"BreadcrumbList","@id":"https:\/\/goadvertise.net\/nl\/material-de-oficina-personalizado\/#breadcrumb","itemListElement":[{"@type":"ListItem","position":1,"name":"Home","item":"https:\/\/goadvertise.net\/nl\/"},{"@type":"ListItem","position":2,"name":"Material de oficina personalizado"}]},{"@type":"WebSite","@id":"https:\/\/goadvertise.net\/nl\/#website","url":"https:\/\/goadvertise.net\/nl\/","name":"G.O. Advertise","description":"Tu publicidad m\u00e1s internacional.","potentialAction":[{"@type":"SearchAction","target":{"@type":"EntryPoint","urlTemplate":"https:\/\/goadvertise.net\/nl\/?s={search_term_string}"},"query-input":"required name=search_term_string"}],"inLanguage":"nl-NL"}]}},"_links":{"self":[{"href":"https:\/\/goadvertise.net\/nl\/wp-json\/wp\/v2\/pages\/2599"}],"collection":[{"href":"https:\/\/goadvertise.net\/nl\/wp-json\/wp\/v2\/pages"}],"about":[{"href":"https:\/\/goadvertise.net\/nl\/wp-json\/wp\/v2\/types\/page"}],"author":[{"embeddable":true,"href":"https:\/\/goadvertise.net\/nl\/wp-json\/wp\/v2\/users\/1"}],"replies":[{"embeddable":true,"href":"https:\/\/goadvertise.net\/nl\/wp-json\/wp\/v2\/comments?post=2599"}],"version-history":[{"count":0,"href":"https:\/\/goadvertise.net\/nl\/wp-json\/wp\/v2\/pages\/2599\/revisions"}],"wp:attachment":[{"href":"https:\/\/goadvertise.net\/nl\/wp-json\/wp\/v2\/media?parent=2599"}],"curies":[{"name":"wp","href":"https:\/\/api.w.org\/{rel}","templated":true}]}}