{"id":2610,"date":"2022-03-03T08:53:48","date_gmt":"2022-03-03T08:53:48","guid":{"rendered":"https:\/\/www.goadvertise.net\/banderas-3\/"},"modified":"2022-03-03T08:53:48","modified_gmt":"2022-03-03T08:53:48","slug":"banderas-3","status":"publish","type":"page","link":"https:\/\/goadvertise.net\/en\/banderas-3\/","title":{"rendered":"Banderas"},"content":{"rendered":"<p><img decoding=\"async\" src=\"\/goadvertise\/wp-content\/uploads\/2022\/01\/LOGO-GO-ADVERTISE-ES-E-blanco-bg_inverse.svg\" alt=\"\"><\/p>\n<div>\n<p>\u00a0<\/p>\n<p>\u00a0<\/p>\n<p>\u00a0<\/p>\n<\/div>\n<div>\n<h1 style=\"text-align: right;\">Banderas<\/h1>\n<\/div>\n<h1>\n<p>Banderas l\u00e1grima<\/p>\n<\/h1>\n<ul>\n<li>\n<p>        <img decoding=\"async\" src=\"\/goadvertise\/wp-content\/uploads\/2022\/02\/Banderas-1.jpg\" alt=\"\"><\/p>\n<\/li>\n<li>\n<p>        <img decoding=\"async\" src=\"\/goadvertise\/wp-content\/uploads\/2022\/04\/Fly-banner-gota-lagrima-scaled.jpg\" alt=\"\"><\/p>\n<\/li>\n<\/ul>\n<div>\n<p><span style=\"font-size: large;\">Las banderas l\u00e1grima son una buena opci\u00f3n para ubicarlas en <\/span><span style=\"font-size: large;\"><b>zona de playas<\/b><\/span><span style=\"font-size: large;\"> ya <\/span><span style=\"font-size: large;\"><b>que resisten muy bien el viento<\/b><\/span><span style=\"font-size: large;\"> gracias a su dise\u00f1o.<\/span><\/p>\n<p><span style=\"font-size: large;\">Al igual que el resto de las banderas, se puede escoger entre diferentes tama\u00f1os y bases.<\/span><\/p>\n<p><span style=\"font-size: large;\">Es una manera <\/span><span style=\"font-size: large;\"><b>muy econ\u00f3mica<\/b><\/span><span style=\"font-size: large;\"> de generar impacto en tus clientes potenciales.<\/span><\/p>\n<\/div>\n<h1>Banderas Surf<\/h1>\n<ul>\n<li>\n<p>        <img decoding=\"async\" src=\"\/goadvertise\/wp-content\/uploads\/2022\/04\/Fly-banner-surf.jpg\" alt=\"\"><\/p>\n<\/li>\n<li>\n<p>        <img decoding=\"async\" src=\"\/goadvertise\/wp-content\/uploads\/2022\/04\/Bandera-Surf-Fly-banner.jpg\" alt=\"\"><\/p>\n<\/li>\n<\/ul>\n<div>\n<p><span style=\"font-size: large;\">Si quieres hacerte ver, las banderas de surf son una idea perfecta. Las puedes poner en la <\/span><span style=\"font-size: large;\"><b>entrada de tu negocio<\/b><\/span><span style=\"font-size: large;\"> para llamar la atenci\u00f3n de las personas que transitan alrededor o para recintos como <\/span><span style=\"font-size: large;\"><b>ferias o stands<\/b><\/span><span style=\"font-size: large;\">. La puedes cambiar de ubicaci\u00f3n siempre que lo necesites.<\/span><\/p>\n<p><span style=\"font-size: large;\">La forma en la que est\u00e1n dise\u00f1adas permitir\u00e1 que lo que imprimas sea <\/span><span style=\"font-size: large;\"><b>perfectamente visible sin necesidad de viento<\/b><\/span><span style=\"font-size: large;\">.<\/span><\/p>\n<p><span style=\"font-size: large;\">Se pueden elegir diferentes tama\u00f1os y bases dependiendo donde la quieras colocar.<\/span><\/p>\n<\/div>\n<h1>Banderas de obra<\/h1>\n<div>\n<p>    <img decoding=\"async\" src=\"\/goadvertise\/wp-content\/uploads\/2022\/04\/Bandera-Obra.jpg\" alt=\"\"><\/p>\n<\/div>\n<div>\n<p><span style=\"font-size: large;\">Este modelo de bandera se puede obtener en diferentes tama\u00f1os. Las banderas de obra <\/span><span style=\"font-size: large;\"><b>se enganchan a un m\u00e1stil<\/b><\/span><span style=\"font-size: large;\"> que las ayuda a girar, con lo que <\/span><span style=\"font-size: large;\"><b>atraen mucho la atenci\u00f3n<\/b><\/span><span style=\"font-size: large;\">. <\/span><\/p>\n<p><span style=\"font-size: large;\">Se puede adquirir solo la tela o con el m\u00e1stil.<\/span><\/p>\n<p><span style=\"font-size: large;\">Una de las ventajas es que <\/span><span style=\"font-size: large;\"><b>cuenta con bastante espacio para imprimir<\/b><\/span><span style=\"font-size: large;\"> tu logo, nombre de la empresa o cualquier otra informaci\u00f3n.<\/span><\/p>\n<\/div>\n<h1>Banderas a medida<\/h1>\n<div>\n<p>    <img decoding=\"async\" src=\"\/goadvertise\/wp-content\/uploads\/2022\/04\/Bandera-publicidad-a-medida.jpg\" alt=\"\"><\/p>\n<\/div>\n<div>\n<p><span style=\"font-size: large;\">Disponemos de muchos otros modelos y podemos hacerte las banderas a medida. Cu\u00e9ntanos para qu\u00e9 la necesitas y te ense\u00f1aremos una <\/span><span style=\"font-size: large;\"><b>gran diversidad a elegir<\/b><\/span><span style=\"font-size: large;\">.<\/span><\/p>\n<p><span style=\"font-size: large;\">Tenemos banderas para mesas de despachos que se colocan en el suelo, banderas de sobremesa que son m\u00e1s peque\u00f1as y se suelen colocar en mesas, o banderas para ubicar en fachadas.<\/span><\/p>\n<p><span style=\"font-size: large;\">Siempre con la posibilidad de elegir entre diferentes tama\u00f1os y bases.<\/span><\/p>\n<p><span style=\"font-size: large;\">\u00a0<\/span><\/p>\n<\/div>\n<p><!--more--><br \/>\n<!-- {\"name\":\"Servicio\",\"type\":\"layout\",\"children\":[{\"type\":\"section\",\"props\":{\"style\":\"default\",\"width\":\"default\",\"vertical_align\":\"middle\",\"title_position\":\"top-left\",\"title_rotation\":\"left\",\"title_breakpoint\":\"xl\",\"image_position\":\"center-center\",\"padding\":\"xsmall\",\"padding_remove_top\":true},\"children\":[{\"type\":\"row\",\"children\":[{\"type\":\"column\",\"props\":{\"position_sticky_breakpoint\":\"m\",\"image_position\":\"center-center\",\"media_overlay_gradient\":\"\"},\"children\":[]}]}]},{\"type\":\"section\",\"props\":{\"style\":\"default\",\"width\":\"default\",\"vertical_align\":\"middle\",\"title_position\":\"top-left\",\"title_rotation\":\"left\",\"title_breakpoint\":\"xl\",\"image_position\":\"center-center\",\"padding\":\"small\",\"image\":\"wp-content\\\/uploads\\\/2022\\\/02\\\/Tidalwave-1.jpg\",\"media_overlay\":\"rgba(0, 0, 0, 0.4)\",\"padding_remove_bottom\":false,\"class\":\"uk-visible@m\"},\"children\":[{\"type\":\"row\",\"props\":{\"layout\":\"1-3,2-3\",\"margin_remove_top\":false,\"attributes\":\"\",\"margin_remove_bottom\":true},\"children\":[{\"type\":\"column\",\"props\":{\"position_sticky_breakpoint\":\"m\",\"image_position\":\"center-center\",\"media_overlay_gradient\":\"\",\"width_medium\":\"1-3\"},\"children\":[{\"type\":\"image\",\"props\":{\"margin\":\"default\",\"image_svg_color\":\"emphasis\",\"image\":\"wp-content\\\/uploads\\\/2022\\\/01\\\/LOGO-GO-ADVERTISE-ES-E-blanco-bg_inverse.svg\",\"image_width\":\"300\",\"image_height\":\"300\"}}]},{\"type\":\"column\",\"props\":{\"position_sticky_breakpoint\":\"m\",\"image_position\":\"center-center\",\"media_overlay_gradient\":\"\",\"width_medium\":\"2-3\"},\"children\":[{\"type\":\"text\",\"props\":{\"margin\":\"default\",\"column_breakpoint\":\"m\",\"content\":\"\n\n<p>\\u00a0<\\\/p>\\n\n\n<p>\\u00a0<\\\/p>\\n\n\n<p>\\u00a0<\\\/p>\"}},{\"type\":\"text\",\"props\":{\"margin\":\"default\",\"column_breakpoint\":\"m\",\"content\":\"\n\n<h1 style=\\\"text-align: right;\\\">Banderas<\\\/h1>\",\"css\":\".el-element *{\\n\\tcolor: white !important;\\n    text-shadow: 1px 1px 2px black;\\n    font-size: 32pt;\\n}\"}}]}]}],\"name\":\"service hero new\",\"modified\":\"2022-03-07T11:17:51.360Z\"},{\"type\":\"section\",\"props\":{\"style\":\"muted\",\"width\":\"large\",\"vertical_align\":\"middle\",\"title_position\":\"top-left\",\"title_rotation\":\"left\",\"title_breakpoint\":\"xl\",\"image_position\":\"center-center\",\"padding\":\"small\",\"overlap\":false},\"children\":[{\"type\":\"row\",\"children\":[{\"type\":\"column\",\"props\":{\"position_sticky_breakpoint\":\"m\",\"image_position\":\"center-center\",\"media_overlay_gradient\":\"\"},\"children\":[{\"type\":\"headline\",\"props\":{\"title_element\":\"h1\",\"content\":\"\n\n<p>Banderas l\\u00e1grima<\\\/p>\"}}]}]},{\"type\":\"row\",\"props\":{\"layout\":\"1-2,1-2\"},\"children\":[{\"type\":\"column\",\"props\":{\"position_sticky_breakpoint\":\"m\",\"image_position\":\"center-center\",\"media_overlay_gradient\":\"\",\"width_medium\":\"1-2\"},\"children\":[{\"type\":\"slideshow\",\"props\":{\"show_title\":true,\"show_meta\":true,\"show_content\":true,\"show_link\":true,\"show_thumbnail\":true,\"slideshow_min_height\":\"300\",\"slideshow_autoplay_pause\":true,\"nav\":\"dotnav\",\"nav_position\":\"bottom-center\",\"nav_position_margin\":\"medium\",\"nav_align\":\"center\",\"nav_breakpoint\":\"s\",\"thumbnav_width\":\"100\",\"thumbnav_height\":\"75\",\"thumbnav_svg_color\":\"emphasis\",\"slidenav\":\"default\",\"slidenav_margin\":\"medium\",\"slidenav_breakpoint\":\"s\",\"slidenav_outside_breakpoint\":\"xl\",\"overlay_position\":\"center-left\",\"overlay_animation\":\"parallax\",\"title_element\":\"h3\",\"meta_style\":\"meta\",\"meta_align\":\"below-title\",\"meta_element\":\"div\",\"link_text\":\"Read more\",\"link_style\":\"default\",\"margin\":\"default\",\"slideshow_ratio\":\"4:3\",\"slideshow_max_height\":\"\"},\"children\":[{\"type\":\"slideshow_item\",\"props\":{\"image\":\"wp-content\\\/uploads\\\/2022\\\/02\\\/Banderas-1.jpg\"}},{\"type\":\"slideshow_item\",\"props\":{\"title\":\"\",\"image\":\"wp-content\\\/uploads\\\/2022\\\/04\\\/Fly-banner-gota-lagrima-scaled.jpg\"}}]}]},{\"type\":\"column\",\"props\":{\"position_sticky_breakpoint\":\"m\",\"image_position\":\"center-center\",\"media_overlay_gradient\":\"\",\"width_medium\":\"1-2\"},\"children\":[{\"type\":\"text\",\"props\":{\"margin\":\"default\",\"column_breakpoint\":\"m\",\"maxwidth\":\"2xlarge\",\"content\":\"\n\n<p><span style=\\\"font-size: large;\\\">Las banderas l\\u00e1grima son una buena opci\\u00f3n para ubicarlas en <\\\/span><span style=\\\"font-size: large;\\\"><b>zona de playas<\\\/b><\\\/span><span style=\\\"font-size: large;\\\"> ya <\\\/span><span style=\\\"font-size: large;\\\"><b>que resisten muy bien el viento<\\\/b><\\\/span><span style=\\\"font-size: large;\\\"> gracias a su dise\\u00f1o.<\\\/span><\\\/p>\\n\n\n<p><span style=\\\"font-size: large;\\\">Al igual que el resto de las banderas, se puede escoger entre diferentes tama\\u00f1os y bases.<\\\/span><\\\/p>\\n\n\n<p><span style=\\\"font-size: large;\\\">Es una manera <\\\/span><span style=\\\"font-size: large;\\\"><b>muy econ\\u00f3mica<\\\/b><\\\/span><span style=\\\"font-size: large;\\\"> de generar impacto en tus clientes potenciales.<\\\/span><\\\/p>\",\"text_style\":\"lead\"}}]}]}],\"name\":\"Banderas l\\u00e1grima\"},{\"type\":\"section\",\"props\":{\"style\":\"default\",\"width\":\"default\",\"vertical_align\":\"middle\",\"title_position\":\"top-left\",\"title_rotation\":\"left\",\"title_breakpoint\":\"xl\",\"image_position\":\"center-center\"},\"children\":[{\"type\":\"row\",\"children\":[{\"type\":\"column\",\"props\":{\"position_sticky_breakpoint\":\"m\",\"image_position\":\"center-center\",\"media_overlay_gradient\":\"\"},\"children\":[]}]}],\"name\":\"Margin\"},{\"type\":\"section\",\"props\":{\"style\":\"muted\",\"width\":\"large\",\"vertical_align\":\"middle\",\"title_position\":\"top-left\",\"title_rotation\":\"left\",\"title_breakpoint\":\"xl\",\"image_position\":\"center-center\",\"padding\":\"small\",\"overlap\":false},\"children\":[{\"type\":\"row\",\"children\":[{\"type\":\"column\",\"props\":{\"position_sticky_breakpoint\":\"m\",\"image_position\":\"center-center\",\"media_overlay_gradient\":\"\"},\"children\":[{\"type\":\"headline\",\"props\":{\"title_element\":\"h1\",\"content\":\"Banderas Surf\"}}]}]},{\"type\":\"row\",\"props\":{\"layout\":\"1-2,1-2\"},\"children\":[{\"type\":\"column\",\"props\":{\"position_sticky_breakpoint\":\"m\",\"image_position\":\"center-center\",\"media_overlay_gradient\":\"\",\"width_medium\":\"1-2\"},\"children\":[{\"type\":\"slideshow\",\"props\":{\"show_title\":true,\"show_meta\":true,\"show_content\":true,\"show_link\":true,\"show_thumbnail\":true,\"slideshow_min_height\":300,\"slideshow_autoplay_pause\":true,\"nav\":\"dotnav\",\"nav_position\":\"bottom-center\",\"nav_position_margin\":\"medium\",\"nav_align\":\"center\",\"nav_breakpoint\":\"s\",\"thumbnav_width\":\"100\",\"thumbnav_height\":\"75\",\"thumbnav_svg_color\":\"emphasis\",\"slidenav\":\"default\",\"slidenav_margin\":\"medium\",\"slidenav_breakpoint\":\"s\",\"slidenav_outside_breakpoint\":\"xl\",\"overlay_position\":\"center-left\",\"overlay_animation\":\"parallax\",\"title_element\":\"h3\",\"meta_style\":\"meta\",\"meta_align\":\"below-title\",\"meta_element\":\"div\",\"link_text\":\"Read more\",\"link_style\":\"default\",\"margin\":\"default\",\"slideshow_ratio\":\"4:3\"},\"children\":[{\"type\":\"slideshow_item\",\"props\":{\"title\":\"\",\"image\":\"wp-content\\\/uploads\\\/2022\\\/04\\\/Fly-banner-surf.jpg\"}},{\"type\":\"slideshow_item\",\"props\":{\"title\":\"\",\"image\":\"wp-content\\\/uploads\\\/2022\\\/04\\\/Bandera-Surf-Fly-banner.jpg\"}}]}]},{\"type\":\"column\",\"props\":{\"position_sticky_breakpoint\":\"m\",\"image_position\":\"center-center\",\"media_overlay_gradient\":\"\",\"width_medium\":\"1-2\"},\"children\":[{\"type\":\"text\",\"props\":{\"margin\":\"default\",\"column_breakpoint\":\"m\",\"maxwidth\":\"2xlarge\",\"content\":\"\n\n<p><span style=\\\"font-size: large;\\\">Si quieres hacerte ver, las banderas de surf son una idea perfecta. Las puedes poner en la <\\\/span><span style=\\\"font-size: large;\\\"><b>entrada de tu negocio<\\\/b><\\\/span><span style=\\\"font-size: large;\\\"> para llamar la atenci\\u00f3n de las personas que transitan alrededor o para recintos como <\\\/span><span style=\\\"font-size: large;\\\"><b>ferias o stands<\\\/b><\\\/span><span style=\\\"font-size: large;\\\">. La puedes cambiar de ubicaci\\u00f3n siempre que lo necesites.<\\\/span><\\\/p>\\n\n\n<p><span style=\\\"font-size: large;\\\">La forma en la que est\\u00e1n dise\\u00f1adas permitir\\u00e1 que lo que imprimas sea <\\\/span><span style=\\\"font-size: large;\\\"><b>perfectamente visible sin necesidad de viento<\\\/b><\\\/span><span style=\\\"font-size: large;\\\">.<\\\/span><\\\/p>\\n\n\n<p><span style=\\\"font-size: large;\\\">Se pueden elegir diferentes tama\\u00f1os y bases dependiendo donde la quieras colocar.<\\\/span><\\\/p>\",\"text_style\":\"lead\"}}]}]}],\"name\":\"Banderas Surf\"},{\"type\":\"section\",\"props\":{\"style\":\"default\",\"width\":\"default\",\"vertical_align\":\"middle\",\"title_position\":\"top-left\",\"title_rotation\":\"left\",\"title_breakpoint\":\"xl\",\"image_position\":\"center-center\"},\"children\":[{\"type\":\"row\",\"children\":[{\"type\":\"column\",\"props\":{\"position_sticky_breakpoint\":\"m\",\"image_position\":\"center-center\",\"media_overlay_gradient\":\"\"},\"children\":[]}]}],\"name\":\"Margin\"},{\"type\":\"section\",\"props\":{\"style\":\"muted\",\"width\":\"large\",\"vertical_align\":\"middle\",\"title_position\":\"top-left\",\"title_rotation\":\"left\",\"title_breakpoint\":\"xl\",\"image_position\":\"center-center\",\"padding\":\"small\",\"overlap\":false},\"children\":[{\"type\":\"row\",\"children\":[{\"type\":\"column\",\"props\":{\"position_sticky_breakpoint\":\"m\",\"image_position\":\"center-center\",\"media_overlay_gradient\":\"\"},\"children\":[{\"type\":\"headline\",\"props\":{\"title_element\":\"h1\",\"content\":\"Banderas de obra\"}}]}]},{\"type\":\"row\",\"props\":{\"layout\":\"1-2,1-2\"},\"children\":[{\"type\":\"column\",\"props\":{\"position_sticky_breakpoint\":\"m\",\"image_position\":\"center-center\",\"media_overlay_gradient\":\"\",\"width_medium\":\"1-2\"},\"children\":[{\"type\":\"slideshow\",\"props\":{\"show_title\":true,\"show_meta\":true,\"show_content\":true,\"show_link\":true,\"show_thumbnail\":true,\"slideshow_min_height\":300,\"slideshow_autoplay_pause\":true,\"nav\":\"dotnav\",\"nav_position\":\"bottom-center\",\"nav_position_margin\":\"medium\",\"nav_align\":\"center\",\"nav_breakpoint\":\"s\",\"thumbnav_width\":\"100\",\"thumbnav_height\":\"75\",\"thumbnav_svg_color\":\"emphasis\",\"slidenav\":\"default\",\"slidenav_margin\":\"medium\",\"slidenav_breakpoint\":\"s\",\"slidenav_outside_breakpoint\":\"xl\",\"overlay_position\":\"center-left\",\"overlay_animation\":\"parallax\",\"title_element\":\"h3\",\"meta_style\":\"meta\",\"meta_align\":\"below-title\",\"meta_element\":\"div\",\"link_text\":\"Read more\",\"link_style\":\"default\",\"margin\":\"default\",\"slideshow_ratio\":\"4:3\"},\"children\":[{\"type\":\"slideshow_item\",\"props\":{\"title\":\"\",\"image\":\"wp-content\\\/uploads\\\/2022\\\/04\\\/Bandera-Obra.jpg\"}}]}]},{\"type\":\"column\",\"props\":{\"position_sticky_breakpoint\":\"m\",\"image_position\":\"center-center\",\"media_overlay_gradient\":\"\",\"width_medium\":\"1-2\"},\"children\":[{\"type\":\"text\",\"props\":{\"margin\":\"default\",\"column_breakpoint\":\"m\",\"maxwidth\":\"2xlarge\",\"content\":\"\n\n<p><span style=\\\"font-size: large;\\\">Este modelo de bandera se puede obtener en diferentes tama\\u00f1os. Las banderas de obra <\\\/span><span style=\\\"font-size: large;\\\"><b>se enganchan a un m\\u00e1stil<\\\/b><\\\/span><span style=\\\"font-size: large;\\\"> que las ayuda a girar, con lo que <\\\/span><span style=\\\"font-size: large;\\\"><b>atraen mucho la atenci\\u00f3n<\\\/b><\\\/span><span style=\\\"font-size: large;\\\">. <\\\/span><\\\/p>\\n\n\n<p><span style=\\\"font-size: large;\\\">Se puede adquirir solo la tela o con el m\\u00e1stil.<\\\/span><\\\/p>\\n\n\n<p><span style=\\\"font-size: large;\\\">Una de las ventajas es que <\\\/span><span style=\\\"font-size: large;\\\"><b>cuenta con bastante espacio para imprimir<\\\/b><\\\/span><span style=\\\"font-size: large;\\\"> tu logo, nombre de la empresa o cualquier otra informaci\\u00f3n.<\\\/span><\\\/p>\",\"text_style\":\"lead\"}}]}]}],\"name\":\"Banderas de obra\"},{\"type\":\"section\",\"props\":{\"style\":\"default\",\"width\":\"default\",\"vertical_align\":\"middle\",\"title_position\":\"top-left\",\"title_rotation\":\"left\",\"title_breakpoint\":\"xl\",\"image_position\":\"center-center\"},\"children\":[{\"type\":\"row\",\"children\":[{\"type\":\"column\",\"props\":{\"position_sticky_breakpoint\":\"m\",\"image_position\":\"center-center\",\"media_overlay_gradient\":\"\"},\"children\":[]}]}],\"name\":\"Margin\"},{\"type\":\"section\",\"props\":{\"style\":\"muted\",\"width\":\"large\",\"vertical_align\":\"middle\",\"title_position\":\"top-left\",\"title_rotation\":\"left\",\"title_breakpoint\":\"xl\",\"image_position\":\"center-center\",\"padding\":\"small\",\"overlap\":false},\"children\":[{\"type\":\"row\",\"children\":[{\"type\":\"column\",\"props\":{\"position_sticky_breakpoint\":\"m\",\"image_position\":\"center-center\",\"media_overlay_gradient\":\"\"},\"children\":[{\"type\":\"headline\",\"props\":{\"title_element\":\"h1\",\"content\":\"Banderas a medida\"}}]}]},{\"type\":\"row\",\"props\":{\"layout\":\"1-2,1-2\"},\"children\":[{\"type\":\"column\",\"props\":{\"position_sticky_breakpoint\":\"m\",\"image_position\":\"center-center\",\"media_overlay_gradient\":\"\",\"width_medium\":\"1-2\"},\"children\":[{\"type\":\"slideshow\",\"props\":{\"show_title\":true,\"show_meta\":true,\"show_content\":true,\"show_link\":true,\"show_thumbnail\":true,\"slideshow_min_height\":300,\"slideshow_autoplay_pause\":true,\"nav\":\"dotnav\",\"nav_position\":\"bottom-center\",\"nav_position_margin\":\"medium\",\"nav_align\":\"center\",\"nav_breakpoint\":\"s\",\"thumbnav_width\":\"100\",\"thumbnav_height\":\"75\",\"thumbnav_svg_color\":\"emphasis\",\"slidenav\":\"default\",\"slidenav_margin\":\"medium\",\"slidenav_breakpoint\":\"s\",\"slidenav_outside_breakpoint\":\"xl\",\"overlay_position\":\"center-left\",\"overlay_animation\":\"parallax\",\"title_element\":\"h3\",\"meta_style\":\"meta\",\"meta_align\":\"below-title\",\"meta_element\":\"div\",\"link_text\":\"Read more\",\"link_style\":\"default\",\"margin\":\"default\",\"slideshow_ratio\":\"4:3\"},\"children\":[{\"type\":\"slideshow_item\",\"props\":{\"title\":\"\",\"image\":\"wp-content\\\/uploads\\\/2022\\\/04\\\/Bandera-publicidad-a-medida.jpg\"}}]}]},{\"type\":\"column\",\"props\":{\"position_sticky_breakpoint\":\"m\",\"image_position\":\"center-center\",\"media_overlay_gradient\":\"\",\"width_medium\":\"1-2\"},\"children\":[{\"type\":\"text\",\"props\":{\"margin\":\"default\",\"column_breakpoint\":\"m\",\"maxwidth\":\"2xlarge\",\"content\":\"\n\n<p><span style=\\\"font-size: large;\\\">Disponemos de muchos otros modelos y podemos hacerte las banderas a medida. Cu\\u00e9ntanos para qu\\u00e9 la necesitas y te ense\\u00f1aremos una <\\\/span><span style=\\\"font-size: large;\\\"><b>gran diversidad a elegir<\\\/b><\\\/span><span style=\\\"font-size: large;\\\">.<\\\/span><\\\/p>\\n\n\n<p><span style=\\\"font-size: large;\\\">Tenemos banderas para mesas de despachos que se colocan en el suelo, banderas de sobremesa que son m\\u00e1s peque\\u00f1as y se suelen colocar en mesas, o banderas para ubicar en fachadas.<\\\/span><\\\/p>\\n\n\n<p><span style=\\\"font-size: large;\\\">Siempre con la posibilidad de elegir entre diferentes tama\\u00f1os y bases.<\\\/span><\\\/p>\\n\n\n<p><span style=\\\"font-size: large;\\\">\\u00a0<\\\/span><\\\/p>\",\"text_style\":\"lead\"}}]}]}],\"name\":\"Banderas a medida\"},{\"type\":\"section\",\"props\":{\"style\":\"default\",\"width\":\"default\",\"vertical_align\":\"middle\",\"title_position\":\"top-left\",\"title_rotation\":\"left\",\"title_breakpoint\":\"xl\",\"image_position\":\"center-center\"},\"children\":[{\"type\":\"row\",\"children\":[{\"type\":\"column\",\"props\":{\"position_sticky_breakpoint\":\"m\",\"image_position\":\"center-center\",\"media_overlay_gradient\":\"\"},\"children\":[]}]}],\"name\":\"Margin\"}],\"version\":\"2.7.16\"} --><\/p>\n","protected":false},"excerpt":{"rendered":"<p>\u00a0 \u00a0 \u00a0 Banderas Banderas l\u00e1grima Las banderas l\u00e1grima son una buena opci\u00f3n para ubicarlas en zona de playas ya que resisten muy bien el viento gracias a su dise\u00f1o. Al igual que el resto de las banderas, se puede escoger entre diferentes tama\u00f1os y bases. Es una manera muy econ\u00f3mica de generar impacto en [&hellip;]<\/p>\n","protected":false},"author":1,"featured_media":0,"parent":0,"menu_order":2,"comment_status":"open","ping_status":"closed","template":"","meta":[],"acf":[],"yoast_head":"<!-- This site is optimized with the Yoast SEO plugin v21.8.1 - https:\/\/yoast.com\/wordpress\/plugins\/seo\/ -->\n<title>Banderas - G.O. Advertise<\/title>\n<meta name=\"robots\" content=\"index, follow, max-snippet:-1, max-image-preview:large, max-video-preview:-1\" \/>\n<link rel=\"canonical\" href=\"https:\/\/goadvertise.net\/en\/banderas-3\/\" \/>\n<meta property=\"og:locale\" content=\"en_US\" \/>\n<meta property=\"og:type\" content=\"article\" \/>\n<meta property=\"og:title\" content=\"Banderas - G.O. Advertise\" \/>\n<meta property=\"og:description\" content=\"\u00a0 \u00a0 \u00a0 Banderas Banderas l\u00e1grima Las banderas l\u00e1grima son una buena opci\u00f3n para ubicarlas en zona de playas ya que resisten muy bien el viento gracias a su dise\u00f1o. Al igual que el resto de las banderas, se puede escoger entre diferentes tama\u00f1os y bases. Es una manera muy econ\u00f3mica de generar impacto en [&hellip;]\" \/>\n<meta property=\"og:url\" content=\"https:\/\/goadvertise.net\/en\/banderas-3\/\" \/>\n<meta property=\"og:site_name\" content=\"G.O. Advertise\" \/>\n<meta name=\"twitter:card\" content=\"summary_large_image\" \/>\n<meta name=\"twitter:label1\" content=\"Est. reading time\" \/>\n\t<meta name=\"twitter:data1\" content=\"1 minute\" \/>\n<script type=\"application\/ld+json\" class=\"yoast-schema-graph\">{\"@context\":\"https:\/\/schema.org\",\"@graph\":[{\"@type\":\"WebPage\",\"@id\":\"https:\/\/goadvertise.net\/en\/banderas-3\/\",\"url\":\"https:\/\/goadvertise.net\/en\/banderas-3\/\",\"name\":\"Banderas - G.O. Advertise\",\"isPartOf\":{\"@id\":\"https:\/\/goadvertise.net\/en\/#website\"},\"datePublished\":\"2022-03-03T08:53:48+00:00\",\"dateModified\":\"2022-03-03T08:53:48+00:00\",\"breadcrumb\":{\"@id\":\"https:\/\/goadvertise.net\/en\/banderas-3\/#breadcrumb\"},\"inLanguage\":\"en-US\",\"potentialAction\":[{\"@type\":\"ReadAction\",\"target\":[\"https:\/\/goadvertise.net\/en\/banderas-3\/\"]}]},{\"@type\":\"BreadcrumbList\",\"@id\":\"https:\/\/goadvertise.net\/en\/banderas-3\/#breadcrumb\",\"itemListElement\":[{\"@type\":\"ListItem\",\"position\":1,\"name\":\"Home\",\"item\":\"https:\/\/goadvertise.net\/en\/\"},{\"@type\":\"ListItem\",\"position\":2,\"name\":\"Banderas\"}]},{\"@type\":\"WebSite\",\"@id\":\"https:\/\/goadvertise.net\/en\/#website\",\"url\":\"https:\/\/goadvertise.net\/en\/\",\"name\":\"G.O. Advertise\",\"description\":\"Tu publicidad m\u00e1s internacional.\",\"potentialAction\":[{\"@type\":\"SearchAction\",\"target\":{\"@type\":\"EntryPoint\",\"urlTemplate\":\"https:\/\/goadvertise.net\/en\/?s={search_term_string}\"},\"query-input\":\"required name=search_term_string\"}],\"inLanguage\":\"en-US\"}]}<\/script>\n<!-- \/ Yoast SEO plugin. -->","yoast_head_json":{"title":"Banderas - G.O. Advertise","robots":{"index":"index","follow":"follow","max-snippet":"max-snippet:-1","max-image-preview":"max-image-preview:large","max-video-preview":"max-video-preview:-1"},"canonical":"https:\/\/goadvertise.net\/en\/banderas-3\/","og_locale":"en_US","og_type":"article","og_title":"Banderas - G.O. Advertise","og_description":"\u00a0 \u00a0 \u00a0 Banderas Banderas l\u00e1grima Las banderas l\u00e1grima son una buena opci\u00f3n para ubicarlas en zona de playas ya que resisten muy bien el viento gracias a su dise\u00f1o. Al igual que el resto de las banderas, se puede escoger entre diferentes tama\u00f1os y bases. Es una manera muy econ\u00f3mica de generar impacto en [&hellip;]","og_url":"https:\/\/goadvertise.net\/en\/banderas-3\/","og_site_name":"G.O. Advertise","twitter_card":"summary_large_image","twitter_misc":{"Est. reading time":"1 minute"},"schema":{"@context":"https:\/\/schema.org","@graph":[{"@type":"WebPage","@id":"https:\/\/goadvertise.net\/en\/banderas-3\/","url":"https:\/\/goadvertise.net\/en\/banderas-3\/","name":"Banderas - G.O. Advertise","isPartOf":{"@id":"https:\/\/goadvertise.net\/en\/#website"},"datePublished":"2022-03-03T08:53:48+00:00","dateModified":"2022-03-03T08:53:48+00:00","breadcrumb":{"@id":"https:\/\/goadvertise.net\/en\/banderas-3\/#breadcrumb"},"inLanguage":"en-US","potentialAction":[{"@type":"ReadAction","target":["https:\/\/goadvertise.net\/en\/banderas-3\/"]}]},{"@type":"BreadcrumbList","@id":"https:\/\/goadvertise.net\/en\/banderas-3\/#breadcrumb","itemListElement":[{"@type":"ListItem","position":1,"name":"Home","item":"https:\/\/goadvertise.net\/en\/"},{"@type":"ListItem","position":2,"name":"Banderas"}]},{"@type":"WebSite","@id":"https:\/\/goadvertise.net\/en\/#website","url":"https:\/\/goadvertise.net\/en\/","name":"G.O. Advertise","description":"Tu publicidad m\u00e1s internacional.","potentialAction":[{"@type":"SearchAction","target":{"@type":"EntryPoint","urlTemplate":"https:\/\/goadvertise.net\/en\/?s={search_term_string}"},"query-input":"required name=search_term_string"}],"inLanguage":"en-US"}]}},"_links":{"self":[{"href":"https:\/\/goadvertise.net\/en\/wp-json\/wp\/v2\/pages\/2610"}],"collection":[{"href":"https:\/\/goadvertise.net\/en\/wp-json\/wp\/v2\/pages"}],"about":[{"href":"https:\/\/goadvertise.net\/en\/wp-json\/wp\/v2\/types\/page"}],"author":[{"embeddable":true,"href":"https:\/\/goadvertise.net\/en\/wp-json\/wp\/v2\/users\/1"}],"replies":[{"embeddable":true,"href":"https:\/\/goadvertise.net\/en\/wp-json\/wp\/v2\/comments?post=2610"}],"version-history":[{"count":0,"href":"https:\/\/goadvertise.net\/en\/wp-json\/wp\/v2\/pages\/2610\/revisions"}],"wp:attachment":[{"href":"https:\/\/goadvertise.net\/en\/wp-json\/wp\/v2\/media?parent=2610"}],"curies":[{"name":"wp","href":"https:\/\/api.w.org\/{rel}","templated":true}]}}