{"id":2593,"date":"2022-03-03T09:16:02","date_gmt":"2022-03-03T09:16:02","guid":{"rendered":"https:\/\/www.goadvertise.net\/inmobiliarias\/"},"modified":"2022-03-03T09:16:02","modified_gmt":"2022-03-03T09:16:02","slug":"inmobiliarias","status":"publish","type":"page","link":"https:\/\/goadvertise.net\/en\/inmobiliarias\/","title":{"rendered":"Inmobiliarias"},"content":{"rendered":"<p><img decoding=\"async\" src=\"\/goadvertise\/wp-content\/uploads\/2022\/01\/LOGO-GO-ADVERTISE-ES-E-blanco-bg_inverse.svg\" alt=\"\"><\/p>\n<div>\n<p>\u00a0<\/p>\n<p>\u00a0<\/p>\n<p>\u00a0<\/p>\n<\/div>\n<div>\n<h1 class=\"uk-heading-medium\" data-id=\"page#2-0-0-0\" style=\"text-align: right;\"><span class=\"uk-text-background\">Inmobiliarias<\/span><\/h1>\n<\/div>\n<h1>\n<p>Columnas carpetas iluminaci\u00f3n LED<\/p>\n<\/h1>\n<div>\n<p><span style=\"font-size: large;\">Son perfectas para los escaparates de las inmobiliarias o agencias de viaje entre otros. Las carpetas de <\/span><span style=\"font-size: large;\"><b>iluminaci\u00f3n LED<\/b><\/span><span style=\"font-size: large;\"> vienen en tama\u00f1os de A4, A3, A2 y A1, y se pueden poner tanto en horizontal como en vertical. <\/span><span style=\"font-size: large;\"><b>Se ven por las dos caras<\/b><\/span><span style=\"font-size: large;\"> y te permite poder cambiar el contenido con la informaci\u00f3n que tengas, de forma f\u00e1cil y r\u00e1pida.<\/span><\/p>\n<p><span style=\"font-size: large;\">Se pueden <\/span><span style=\"font-size: large;\"><b>colgar en escaparates<\/b><\/span><span style=\"font-size: large;\"> para que cualquier persona que pase por la calle pueda leer la informaci\u00f3n que tiene la carpeta de una forma f\u00e1cil gracias a la luz, y tambi\u00e9n poder ense\u00f1arlas a los clientes o verlas t\u00fa mismo cuando est\u00e1is dentro del local.<\/span><\/p>\n<p><span style=\"font-size: large;\"><b>Otra ubicaci\u00f3n<\/b><\/span><span style=\"font-size: large;\"> puede ser en una de las <\/span><span style=\"font-size: large;\"><b>paredes del interior<\/b><\/span><span style=\"font-size: large;\"> en tu negocio con un <\/span><span style=\"font-size: large;\"><b>sistema magn\u00e9tico especial<\/b><\/span><span style=\"font-size: large;\"> que no requiere de hilos tensores y son de m\u00e1s f\u00e1cil instalaci\u00f3n.<\/span><\/p>\n<\/div>\n<h1>Carpetas de presentaci\u00f3n para inmobiliarias<\/h1>\n<div>\n<p><span style=\"font-size: large;\">A la hora de tener que entregar una documentaci\u00f3n a nuestros clientes, es importante que estemos pendientes de todos los detalles. Las carpetas de presentaci\u00f3n para inmobiliarias es una oportunidad para <\/span><span style=\"font-size: large;\"><b>mostrar profesionalidad y una buena imagen<\/b><\/span><span style=\"font-size: large;\">.<\/span><\/p>\n<p><span style=\"font-size: large;\">Admiten <\/span><span style=\"font-size: large;\"><b>todo tipo de impresi\u00f3n y acabados<\/b><\/span><span style=\"font-size: large;\"> pudiendo escoger gramaje, satinados, laminados con brillo, y con opci\u00f3n de solapas o de ranuras para tarjetas.<\/span><\/p>\n<\/div>\n<p><!--more--><br \/>\n<!-- {\"name\":\"Servicio\",\"type\":\"layout\",\"children\":[{\"type\":\"section\",\"props\":{\"style\":\"default\",\"width\":\"default\",\"vertical_align\":\"middle\",\"title_position\":\"top-left\",\"title_rotation\":\"left\",\"title_breakpoint\":\"xl\",\"image_position\":\"center-center\",\"padding\":\"xsmall\",\"padding_remove_top\":true},\"children\":[{\"type\":\"row\",\"children\":[{\"type\":\"column\",\"props\":{\"position_sticky_breakpoint\":\"m\",\"image_position\":\"center-center\",\"media_overlay_gradient\":\"\"},\"children\":[]}]}]},{\"type\":\"section\",\"props\":{\"style\":\"default\",\"width\":\"default\",\"vertical_align\":\"middle\",\"title_position\":\"top-left\",\"title_rotation\":\"left\",\"title_breakpoint\":\"xl\",\"image_position\":\"center-center\",\"padding\":\"small\",\"image\":\"wp-content\\\/uploads\\\/2022\\\/02\\\/Tidalwave-1.jpg\",\"media_overlay\":\"rgba(0, 0, 0, 0.4)\",\"padding_remove_bottom\":false,\"class\":\"uk-visible@m\"},\"children\":[{\"type\":\"row\",\"props\":{\"layout\":\"1-3,2-3\",\"margin_remove_top\":false,\"attributes\":\"\",\"margin_remove_bottom\":true},\"children\":[{\"type\":\"column\",\"props\":{\"position_sticky_breakpoint\":\"m\",\"image_position\":\"center-center\",\"media_overlay_gradient\":\"\",\"width_medium\":\"1-3\"},\"children\":[{\"type\":\"image\",\"props\":{\"margin\":\"default\",\"image_svg_color\":\"emphasis\",\"image\":\"wp-content\\\/uploads\\\/2022\\\/01\\\/LOGO-GO-ADVERTISE-ES-E-blanco-bg_inverse.svg\",\"image_width\":\"300\",\"image_height\":\"300\"}}]},{\"type\":\"column\",\"props\":{\"position_sticky_breakpoint\":\"m\",\"image_position\":\"center-center\",\"media_overlay_gradient\":\"\",\"width_medium\":\"2-3\"},\"children\":[{\"type\":\"text\",\"props\":{\"margin\":\"default\",\"column_breakpoint\":\"m\",\"content\":\"\n\n<p>\\u00a0<\\\/p>\\n\n\n<p>\\u00a0<\\\/p>\\n\n\n<p>\\u00a0<\\\/p>\"}},{\"type\":\"text\",\"props\":{\"margin\":\"default\",\"column_breakpoint\":\"m\",\"content\":\"\n\n<h1 class=\\\"uk-heading-medium\\\" data-id=\\\"page#2-0-0-0\\\" style=\\\"text-align: right;\\\"><span class=\\\"uk-text-background\\\">Inmobiliarias<\\\/span><\\\/h1>\",\"css\":\".el-element *{\\n\\tcolor: white !important;\\n    text-shadow: 1px 1px 2px black;\\n    font-size: 32pt;\\n}\"}}]}]}],\"name\":\"service hero new\",\"modified\":\"2022-03-07T11:17:51.360Z\"},{\"type\":\"section\",\"props\":{\"style\":\"muted\",\"width\":\"large\",\"vertical_align\":\"middle\",\"title_position\":\"top-left\",\"title_rotation\":\"left\",\"title_breakpoint\":\"xl\",\"image_position\":\"center-center\",\"padding\":\"small\",\"overlap\":false},\"children\":[{\"type\":\"row\",\"children\":[{\"type\":\"column\",\"props\":{\"position_sticky_breakpoint\":\"m\",\"image_position\":\"center-center\",\"media_overlay_gradient\":\"\"},\"children\":[{\"type\":\"headline\",\"props\":{\"title_element\":\"h1\",\"content\":\"\n\n<p>Columnas carpetas iluminaci\\u00f3n LED<\\\/p>\"}}]}]},{\"type\":\"row\",\"props\":{\"layout\":\"1-2,1-2\"},\"children\":[{\"type\":\"column\",\"props\":{\"position_sticky_breakpoint\":\"m\",\"image_position\":\"center-center\",\"media_overlay_gradient\":\"\",\"width_medium\":\"1-2\"},\"children\":[{\"type\":\"slideshow\",\"props\":{\"show_title\":true,\"show_meta\":true,\"show_content\":true,\"show_link\":true,\"show_thumbnail\":true,\"slideshow_min_height\":\"300\",\"slideshow_autoplay_pause\":true,\"nav\":\"dotnav\",\"nav_position\":\"bottom-center\",\"nav_position_margin\":\"medium\",\"nav_align\":\"center\",\"nav_breakpoint\":\"s\",\"thumbnav_width\":\"100\",\"thumbnav_height\":\"75\",\"thumbnav_svg_color\":\"emphasis\",\"slidenav\":\"default\",\"slidenav_margin\":\"medium\",\"slidenav_breakpoint\":\"s\",\"slidenav_outside_breakpoint\":\"xl\",\"overlay_position\":\"center-left\",\"overlay_animation\":\"parallax\",\"title_element\":\"h3\",\"meta_style\":\"meta\",\"meta_align\":\"below-title\",\"meta_element\":\"div\",\"link_text\":\"Read more\",\"link_style\":\"default\",\"margin\":\"default\",\"slideshow_ratio\":\"4:3\",\"slideshow_max_height\":\"\"},\"children\":[]}]},{\"type\":\"column\",\"props\":{\"position_sticky_breakpoint\":\"m\",\"image_position\":\"center-center\",\"media_overlay_gradient\":\"\",\"width_medium\":\"1-2\"},\"children\":[{\"type\":\"text\",\"props\":{\"margin\":\"default\",\"column_breakpoint\":\"m\",\"maxwidth\":\"2xlarge\",\"content\":\"\n\n<p><span style=\\\"font-size: large;\\\">Son perfectas para los escaparates de las inmobiliarias o agencias de viaje entre otros. Las carpetas de <\\\/span><span style=\\\"font-size: large;\\\"><b>iluminaci\\u00f3n LED<\\\/b><\\\/span><span style=\\\"font-size: large;\\\"> vienen en tama\\u00f1os de A4, A3, A2 y A1, y se pueden poner tanto en horizontal como en vertical. <\\\/span><span style=\\\"font-size: large;\\\"><b>Se ven por las dos caras<\\\/b><\\\/span><span style=\\\"font-size: large;\\\"> y te permite poder cambiar el contenido con la informaci\\u00f3n que tengas, de forma f\\u00e1cil y r\\u00e1pida.<\\\/span><\\\/p>\\n\n\n<p><span style=\\\"font-size: large;\\\">Se pueden <\\\/span><span style=\\\"font-size: large;\\\"><b>colgar en escaparates<\\\/b><\\\/span><span style=\\\"font-size: large;\\\"> para que cualquier persona que pase por la calle pueda leer la informaci\\u00f3n que tiene la carpeta de una forma f\\u00e1cil gracias a la luz, y tambi\\u00e9n poder ense\\u00f1arlas a los clientes o verlas t\\u00fa mismo cuando est\\u00e1is dentro del local.<\\\/span><\\\/p>\\n\n\n<p><span style=\\\"font-size: large;\\\"><b>Otra ubicaci\\u00f3n<\\\/b><\\\/span><span style=\\\"font-size: large;\\\"> puede ser en una de las <\\\/span><span style=\\\"font-size: large;\\\"><b>paredes del interior<\\\/b><\\\/span><span style=\\\"font-size: large;\\\"> en tu negocio con un <\\\/span><span style=\\\"font-size: large;\\\"><b>sistema magn\\u00e9tico especial<\\\/b><\\\/span><span style=\\\"font-size: large;\\\"> que no requiere de hilos tensores y son de m\\u00e1s f\\u00e1cil instalaci\\u00f3n.<\\\/span><\\\/p>\",\"text_style\":\"lead\"}}]}]}],\"name\":\"Columnas carpetas iluminaci\\u00f3n LED\"},{\"type\":\"section\",\"props\":{\"style\":\"default\",\"width\":\"default\",\"vertical_align\":\"middle\",\"title_position\":\"top-left\",\"title_rotation\":\"left\",\"title_breakpoint\":\"xl\",\"image_position\":\"center-center\"},\"children\":[{\"type\":\"row\",\"children\":[{\"type\":\"column\",\"props\":{\"position_sticky_breakpoint\":\"m\",\"image_position\":\"center-center\",\"media_overlay_gradient\":\"\"},\"children\":[]}]}],\"name\":\"Margin\"},{\"type\":\"section\",\"props\":{\"style\":\"muted\",\"width\":\"large\",\"vertical_align\":\"middle\",\"title_position\":\"top-left\",\"title_rotation\":\"left\",\"title_breakpoint\":\"xl\",\"image_position\":\"center-center\",\"padding\":\"small\",\"overlap\":false},\"children\":[{\"type\":\"row\",\"children\":[{\"type\":\"column\",\"props\":{\"position_sticky_breakpoint\":\"m\",\"image_position\":\"center-center\",\"media_overlay_gradient\":\"\"},\"children\":[{\"type\":\"headline\",\"props\":{\"title_element\":\"h1\",\"content\":\"Carpetas de presentaci\\u00f3n para inmobiliarias\"}}]}]},{\"type\":\"row\",\"props\":{\"layout\":\"1-2,1-2\"},\"children\":[{\"type\":\"column\",\"props\":{\"position_sticky_breakpoint\":\"m\",\"image_position\":\"center-center\",\"media_overlay_gradient\":\"\",\"width_medium\":\"1-2\"},\"children\":[{\"type\":\"slideshow\",\"props\":{\"show_title\":true,\"show_meta\":true,\"show_content\":true,\"show_link\":true,\"show_thumbnail\":true,\"slideshow_min_height\":300,\"slideshow_autoplay_pause\":true,\"nav\":\"dotnav\",\"nav_position\":\"bottom-center\",\"nav_position_margin\":\"medium\",\"nav_align\":\"center\",\"nav_breakpoint\":\"s\",\"thumbnav_width\":\"100\",\"thumbnav_height\":\"75\",\"thumbnav_svg_color\":\"emphasis\",\"slidenav\":\"default\",\"slidenav_margin\":\"medium\",\"slidenav_breakpoint\":\"s\",\"slidenav_outside_breakpoint\":\"xl\",\"overlay_position\":\"center-left\",\"overlay_animation\":\"parallax\",\"title_element\":\"h3\",\"meta_style\":\"meta\",\"meta_align\":\"below-title\",\"meta_element\":\"div\",\"link_text\":\"Read more\",\"link_style\":\"default\",\"margin\":\"default\",\"slideshow_ratio\":\"4:3\"},\"children\":[]}]},{\"type\":\"column\",\"props\":{\"position_sticky_breakpoint\":\"m\",\"image_position\":\"center-center\",\"media_overlay_gradient\":\"\",\"width_medium\":\"1-2\"},\"children\":[{\"type\":\"text\",\"props\":{\"margin\":\"default\",\"column_breakpoint\":\"m\",\"maxwidth\":\"2xlarge\",\"content\":\"\n\n<p><span style=\\\"font-size: large;\\\">A la hora de tener que entregar una documentaci\\u00f3n a nuestros clientes, es importante que estemos pendientes de todos los detalles. Las carpetas de presentaci\\u00f3n para inmobiliarias es una oportunidad para <\\\/span><span style=\\\"font-size: large;\\\"><b>mostrar profesionalidad y una buena imagen<\\\/b><\\\/span><span style=\\\"font-size: large;\\\">.<\\\/span><\\\/p>\\n\n\n<p><span style=\\\"font-size: large;\\\">Admiten <\\\/span><span style=\\\"font-size: large;\\\"><b>todo tipo de impresi\\u00f3n y acabados<\\\/b><\\\/span><span style=\\\"font-size: large;\\\"> pudiendo escoger gramaje, satinados, laminados con brillo, y con opci\\u00f3n de solapas o de ranuras para tarjetas.<\\\/span><\\\/p>\",\"text_style\":\"lead\"}}]}]}],\"name\":\"Carpetas de presentaci\\u00f3n para inmobiliarias\"},{\"type\":\"section\",\"props\":{\"style\":\"default\",\"width\":\"default\",\"vertical_align\":\"middle\",\"title_position\":\"top-left\",\"title_rotation\":\"left\",\"title_breakpoint\":\"xl\",\"image_position\":\"center-center\"},\"children\":[{\"type\":\"row\",\"children\":[{\"type\":\"column\",\"props\":{\"position_sticky_breakpoint\":\"m\",\"image_position\":\"center-center\",\"media_overlay_gradient\":\"\"},\"children\":[]}]}],\"name\":\"Margin\"}],\"version\":\"2.7.16\"} --><\/p>\n","protected":false},"excerpt":{"rendered":"<p>\u00a0 \u00a0 \u00a0 Inmobiliarias Columnas carpetas iluminaci\u00f3n LED Son perfectas para los escaparates de las inmobiliarias o agencias de viaje entre otros. Las carpetas de iluminaci\u00f3n LED vienen en tama\u00f1os de A4, A3, A2 y A1, y se pueden poner tanto en horizontal como en vertical. Se ven por las dos caras y te permite [&hellip;]<\/p>\n","protected":false},"author":1,"featured_media":0,"parent":0,"menu_order":2,"comment_status":"open","ping_status":"closed","template":"","meta":[],"acf":[],"yoast_head":"<!-- This site is optimized with the Yoast SEO plugin v21.8.1 - https:\/\/yoast.com\/wordpress\/plugins\/seo\/ -->\n<title>Inmobiliarias - G.O. Advertise<\/title>\n<meta name=\"robots\" content=\"index, follow, max-snippet:-1, max-image-preview:large, max-video-preview:-1\" \/>\n<link rel=\"canonical\" href=\"https:\/\/goadvertise.net\/en\/inmobiliarias\/\" \/>\n<meta property=\"og:locale\" content=\"en_US\" \/>\n<meta property=\"og:type\" content=\"article\" \/>\n<meta property=\"og:title\" content=\"Inmobiliarias - G.O. Advertise\" \/>\n<meta property=\"og:description\" content=\"\u00a0 \u00a0 \u00a0 Inmobiliarias Columnas carpetas iluminaci\u00f3n LED Son perfectas para los escaparates de las inmobiliarias o agencias de viaje entre otros. Las carpetas de iluminaci\u00f3n LED vienen en tama\u00f1os de A4, A3, A2 y A1, y se pueden poner tanto en horizontal como en vertical. Se ven por las dos caras y te permite [&hellip;]\" \/>\n<meta property=\"og:url\" content=\"https:\/\/goadvertise.net\/en\/inmobiliarias\/\" \/>\n<meta property=\"og:site_name\" content=\"G.O. Advertise\" \/>\n<meta name=\"twitter:card\" content=\"summary_large_image\" \/>\n<meta name=\"twitter:label1\" content=\"Est. reading time\" \/>\n\t<meta name=\"twitter:data1\" content=\"1 minute\" \/>\n<script type=\"application\/ld+json\" class=\"yoast-schema-graph\">{\"@context\":\"https:\/\/schema.org\",\"@graph\":[{\"@type\":\"WebPage\",\"@id\":\"https:\/\/goadvertise.net\/en\/inmobiliarias\/\",\"url\":\"https:\/\/goadvertise.net\/en\/inmobiliarias\/\",\"name\":\"Inmobiliarias - G.O. Advertise\",\"isPartOf\":{\"@id\":\"https:\/\/goadvertise.net\/en\/#website\"},\"datePublished\":\"2022-03-03T09:16:02+00:00\",\"dateModified\":\"2022-03-03T09:16:02+00:00\",\"breadcrumb\":{\"@id\":\"https:\/\/goadvertise.net\/en\/inmobiliarias\/#breadcrumb\"},\"inLanguage\":\"en-US\",\"potentialAction\":[{\"@type\":\"ReadAction\",\"target\":[\"https:\/\/goadvertise.net\/en\/inmobiliarias\/\"]}]},{\"@type\":\"BreadcrumbList\",\"@id\":\"https:\/\/goadvertise.net\/en\/inmobiliarias\/#breadcrumb\",\"itemListElement\":[{\"@type\":\"ListItem\",\"position\":1,\"name\":\"Home\",\"item\":\"https:\/\/goadvertise.net\/en\/\"},{\"@type\":\"ListItem\",\"position\":2,\"name\":\"Inmobiliarias\"}]},{\"@type\":\"WebSite\",\"@id\":\"https:\/\/goadvertise.net\/en\/#website\",\"url\":\"https:\/\/goadvertise.net\/en\/\",\"name\":\"G.O. Advertise\",\"description\":\"Tu publicidad m\u00e1s internacional.\",\"potentialAction\":[{\"@type\":\"SearchAction\",\"target\":{\"@type\":\"EntryPoint\",\"urlTemplate\":\"https:\/\/goadvertise.net\/en\/?s={search_term_string}\"},\"query-input\":\"required name=search_term_string\"}],\"inLanguage\":\"en-US\"}]}<\/script>\n<!-- \/ Yoast SEO plugin. -->","yoast_head_json":{"title":"Inmobiliarias - G.O. Advertise","robots":{"index":"index","follow":"follow","max-snippet":"max-snippet:-1","max-image-preview":"max-image-preview:large","max-video-preview":"max-video-preview:-1"},"canonical":"https:\/\/goadvertise.net\/en\/inmobiliarias\/","og_locale":"en_US","og_type":"article","og_title":"Inmobiliarias - G.O. Advertise","og_description":"\u00a0 \u00a0 \u00a0 Inmobiliarias Columnas carpetas iluminaci\u00f3n LED Son perfectas para los escaparates de las inmobiliarias o agencias de viaje entre otros. Las carpetas de iluminaci\u00f3n LED vienen en tama\u00f1os de A4, A3, A2 y A1, y se pueden poner tanto en horizontal como en vertical. Se ven por las dos caras y te permite [&hellip;]","og_url":"https:\/\/goadvertise.net\/en\/inmobiliarias\/","og_site_name":"G.O. Advertise","twitter_card":"summary_large_image","twitter_misc":{"Est. reading time":"1 minute"},"schema":{"@context":"https:\/\/schema.org","@graph":[{"@type":"WebPage","@id":"https:\/\/goadvertise.net\/en\/inmobiliarias\/","url":"https:\/\/goadvertise.net\/en\/inmobiliarias\/","name":"Inmobiliarias - G.O. Advertise","isPartOf":{"@id":"https:\/\/goadvertise.net\/en\/#website"},"datePublished":"2022-03-03T09:16:02+00:00","dateModified":"2022-03-03T09:16:02+00:00","breadcrumb":{"@id":"https:\/\/goadvertise.net\/en\/inmobiliarias\/#breadcrumb"},"inLanguage":"en-US","potentialAction":[{"@type":"ReadAction","target":["https:\/\/goadvertise.net\/en\/inmobiliarias\/"]}]},{"@type":"BreadcrumbList","@id":"https:\/\/goadvertise.net\/en\/inmobiliarias\/#breadcrumb","itemListElement":[{"@type":"ListItem","position":1,"name":"Home","item":"https:\/\/goadvertise.net\/en\/"},{"@type":"ListItem","position":2,"name":"Inmobiliarias"}]},{"@type":"WebSite","@id":"https:\/\/goadvertise.net\/en\/#website","url":"https:\/\/goadvertise.net\/en\/","name":"G.O. Advertise","description":"Tu publicidad m\u00e1s internacional.","potentialAction":[{"@type":"SearchAction","target":{"@type":"EntryPoint","urlTemplate":"https:\/\/goadvertise.net\/en\/?s={search_term_string}"},"query-input":"required name=search_term_string"}],"inLanguage":"en-US"}]}},"_links":{"self":[{"href":"https:\/\/goadvertise.net\/en\/wp-json\/wp\/v2\/pages\/2593"}],"collection":[{"href":"https:\/\/goadvertise.net\/en\/wp-json\/wp\/v2\/pages"}],"about":[{"href":"https:\/\/goadvertise.net\/en\/wp-json\/wp\/v2\/types\/page"}],"author":[{"embeddable":true,"href":"https:\/\/goadvertise.net\/en\/wp-json\/wp\/v2\/users\/1"}],"replies":[{"embeddable":true,"href":"https:\/\/goadvertise.net\/en\/wp-json\/wp\/v2\/comments?post=2593"}],"version-history":[{"count":0,"href":"https:\/\/goadvertise.net\/en\/wp-json\/wp\/v2\/pages\/2593\/revisions"}],"wp:attachment":[{"href":"https:\/\/goadvertise.net\/en\/wp-json\/wp\/v2\/media?parent=2593"}],"curies":[{"name":"wp","href":"https:\/\/api.w.org\/{rel}","templated":true}]}}