{"id":2586,"date":"2022-03-03T12:16:19","date_gmt":"2022-03-03T12:16:19","guid":{"rendered":"https:\/\/www.goadvertise.net\/camisetas\/"},"modified":"2022-03-03T12:16:19","modified_gmt":"2022-03-03T12:16:19","slug":"camisetas","status":"publish","type":"page","link":"https:\/\/goadvertise.net\/en\/camisetas\/","title":{"rendered":"Camisetas"},"content":{"rendered":"<p><img decoding=\"async\" src=\"\/goadvertise\/wp-content\/uploads\/2022\/01\/LOGO-GO-ADVERTISE-ES-E-blanco-bg_inverse.svg\" alt=\"\"><\/p>\n<div>\n<p>\u00a0<\/p>\n<p>\u00a0<\/p>\n<p>\u00a0<\/p>\n<\/div>\n<div>\n<h1 style=\"text-align: right;\">Camisetas<\/h1>\n<\/div>\n<h1>\n<p>Camisetas<\/p>\n<\/h1>\n<div>\n<p><span style=\"font-size: large;\">Si est\u00e1s interesado en personalizar <\/span><span style=\"font-size: large;\"><b>camisetas para tu negocio<\/b><\/span><span style=\"font-size: large;\">, est\u00e1s en el lugar indicado. Tenemos much\u00edsimos modelos en diferentes calidades y colores, aunque si ya tienes camisetas, las puedes traer y te las imprimimos como m\u00e1s te gusten.<\/span><\/p>\n<p><span style=\"font-size: large;\"><b>Podemos imprimir cualquier art\u00edculo de tela<\/b><\/span><span style=\"font-size: large;\">, as\u00ed que, si quieres sudaderas, gorras, pa\u00f1oletas o lo que necesites, podemos hac\u00e9rtelo. <\/span><\/p>\n<p><span style=\"font-size: large;\">Si tienes ya la idea nos la puedes enviar directamente y si no, estaremos encantados de ayudarte a dise\u00f1ar una imagen con tu logo.<\/span><\/p>\n<\/div>\n<p><!--more--><br \/>\n<!-- {\"name\":\"Servicio\",\"type\":\"layout\",\"children\":[{\"type\":\"section\",\"props\":{\"style\":\"default\",\"width\":\"default\",\"vertical_align\":\"middle\",\"title_position\":\"top-left\",\"title_rotation\":\"left\",\"title_breakpoint\":\"xl\",\"image_position\":\"center-center\",\"padding\":\"xsmall\",\"padding_remove_top\":true},\"children\":[{\"type\":\"row\",\"children\":[{\"type\":\"column\",\"props\":{\"position_sticky_breakpoint\":\"m\",\"image_position\":\"center-center\",\"media_overlay_gradient\":\"\"},\"children\":[]}]}]},{\"type\":\"section\",\"props\":{\"style\":\"default\",\"width\":\"default\",\"vertical_align\":\"middle\",\"title_position\":\"top-left\",\"title_rotation\":\"left\",\"title_breakpoint\":\"xl\",\"image_position\":\"center-center\",\"padding\":\"small\",\"image\":\"wp-content\\\/uploads\\\/2022\\\/02\\\/Tidalwave-1.jpg\",\"media_overlay\":\"rgba(0, 0, 0, 0.4)\",\"padding_remove_bottom\":false,\"class\":\"uk-visible@m\"},\"children\":[{\"type\":\"row\",\"props\":{\"layout\":\"1-3,2-3\",\"margin_remove_top\":false,\"attributes\":\"\",\"margin_remove_bottom\":true},\"children\":[{\"type\":\"column\",\"props\":{\"position_sticky_breakpoint\":\"m\",\"image_position\":\"center-center\",\"media_overlay_gradient\":\"\",\"width_medium\":\"1-3\"},\"children\":[{\"type\":\"image\",\"props\":{\"margin\":\"default\",\"image_svg_color\":\"emphasis\",\"image\":\"wp-content\\\/uploads\\\/2022\\\/01\\\/LOGO-GO-ADVERTISE-ES-E-blanco-bg_inverse.svg\",\"image_width\":\"300\",\"image_height\":\"300\"}}]},{\"type\":\"column\",\"props\":{\"position_sticky_breakpoint\":\"m\",\"image_position\":\"center-center\",\"media_overlay_gradient\":\"\",\"width_medium\":\"2-3\"},\"children\":[{\"type\":\"text\",\"props\":{\"margin\":\"default\",\"column_breakpoint\":\"m\",\"content\":\"\n\n<p>\\u00a0<\\\/p>\\n\n\n<p>\\u00a0<\\\/p>\\n\n\n<p>\\u00a0<\\\/p>\"}},{\"type\":\"text\",\"props\":{\"margin\":\"default\",\"column_breakpoint\":\"m\",\"content\":\"\n\n<h1 style=\\\"text-align: right;\\\">Camisetas<\\\/h1>\",\"css\":\".el-element *{\\n\\tcolor: white !important;\\n    text-shadow: 1px 1px 2px black;\\n    font-size: 32pt;\\n}\"}}]}]}],\"name\":\"service hero new\",\"modified\":\"2022-03-07T11:17:51.360Z\"},{\"type\":\"section\",\"props\":{\"style\":\"muted\",\"width\":\"large\",\"vertical_align\":\"middle\",\"title_position\":\"top-left\",\"title_rotation\":\"left\",\"title_breakpoint\":\"xl\",\"image_position\":\"center-center\",\"padding\":\"small\",\"overlap\":false},\"children\":[{\"type\":\"row\",\"children\":[{\"type\":\"column\",\"props\":{\"position_sticky_breakpoint\":\"m\",\"image_position\":\"center-center\",\"media_overlay_gradient\":\"\"},\"children\":[{\"type\":\"headline\",\"props\":{\"title_element\":\"h1\",\"content\":\"\n\n<p>Camisetas<\\\/p>\"}}]}]},{\"type\":\"row\",\"props\":{\"layout\":\"1-2,1-2\"},\"children\":[{\"type\":\"column\",\"props\":{\"position_sticky_breakpoint\":\"m\",\"image_position\":\"center-center\",\"media_overlay_gradient\":\"\",\"width_medium\":\"1-2\"},\"children\":[{\"type\":\"slideshow\",\"props\":{\"show_title\":true,\"show_meta\":true,\"show_content\":true,\"show_link\":true,\"show_thumbnail\":true,\"slideshow_min_height\":\"300\",\"slideshow_autoplay_pause\":true,\"nav\":\"dotnav\",\"nav_position\":\"bottom-center\",\"nav_position_margin\":\"medium\",\"nav_align\":\"center\",\"nav_breakpoint\":\"s\",\"thumbnav_width\":\"100\",\"thumbnav_height\":\"75\",\"thumbnav_svg_color\":\"emphasis\",\"slidenav\":\"default\",\"slidenav_margin\":\"medium\",\"slidenav_breakpoint\":\"s\",\"slidenav_outside_breakpoint\":\"xl\",\"overlay_position\":\"center-left\",\"overlay_animation\":\"parallax\",\"title_element\":\"h3\",\"meta_style\":\"meta\",\"meta_align\":\"below-title\",\"meta_element\":\"div\",\"link_text\":\"Read more\",\"link_style\":\"default\",\"margin\":\"default\",\"slideshow_ratio\":\"4:3\",\"slideshow_max_height\":\"\"},\"children\":[]}]},{\"type\":\"column\",\"props\":{\"position_sticky_breakpoint\":\"m\",\"image_position\":\"center-center\",\"media_overlay_gradient\":\"\",\"width_medium\":\"1-2\"},\"children\":[{\"type\":\"text\",\"props\":{\"margin\":\"default\",\"column_breakpoint\":\"m\",\"maxwidth\":\"2xlarge\",\"content\":\"\n\n<p><span style=\\\"font-size: large;\\\">Si est\\u00e1s interesado en personalizar <\\\/span><span style=\\\"font-size: large;\\\"><b>camisetas para tu negocio<\\\/b><\\\/span><span style=\\\"font-size: large;\\\">, est\\u00e1s en el lugar indicado. Tenemos much\\u00edsimos modelos en diferentes calidades y colores, aunque si ya tienes camisetas, las puedes traer y te las imprimimos como m\\u00e1s te gusten.<\\\/span><\\\/p>\\n\n\n<p><span style=\\\"font-size: large;\\\"><b>Podemos imprimir cualquier art\\u00edculo de tela<\\\/b><\\\/span><span style=\\\"font-size: large;\\\">, as\\u00ed que, si quieres sudaderas, gorras, pa\\u00f1oletas o lo que necesites, podemos hac\\u00e9rtelo. <\\\/span><\\\/p>\\n\n\n<p><span style=\\\"font-size: large;\\\">Si tienes ya la idea nos la puedes enviar directamente y si no, estaremos encantados de ayudarte a dise\\u00f1ar una imagen con tu logo.<\\\/span><\\\/p>\",\"text_style\":\"lead\"}}]}]}],\"name\":\"Camisetas\"},{\"type\":\"section\",\"props\":{\"style\":\"default\",\"width\":\"default\",\"vertical_align\":\"middle\",\"title_position\":\"top-left\",\"title_rotation\":\"left\",\"title_breakpoint\":\"xl\",\"image_position\":\"center-center\"},\"children\":[{\"type\":\"row\",\"children\":[{\"type\":\"column\",\"props\":{\"position_sticky_breakpoint\":\"m\",\"image_position\":\"center-center\",\"media_overlay_gradient\":\"\"},\"children\":[]}]}],\"name\":\"Margin\"}],\"version\":\"2.7.16\"} --><\/p>\n","protected":false},"excerpt":{"rendered":"<p>\u00a0 \u00a0 \u00a0 Camisetas Camisetas Si est\u00e1s interesado en personalizar camisetas para tu negocio, est\u00e1s en el lugar indicado. Tenemos much\u00edsimos modelos en diferentes calidades y colores, aunque si ya tienes camisetas, las puedes traer y te las imprimimos como m\u00e1s te gusten. Podemos imprimir cualquier art\u00edculo de tela, as\u00ed que, si quieres sudaderas, gorras, [&hellip;]<\/p>\n","protected":false},"author":1,"featured_media":0,"parent":0,"menu_order":2,"comment_status":"open","ping_status":"closed","template":"","meta":[],"acf":[],"yoast_head":"<!-- This site is optimized with the Yoast SEO plugin v21.8.1 - https:\/\/yoast.com\/wordpress\/plugins\/seo\/ -->\n<title>Camisetas - G.O. Advertise<\/title>\n<meta name=\"robots\" content=\"index, follow, max-snippet:-1, max-image-preview:large, max-video-preview:-1\" \/>\n<link rel=\"canonical\" href=\"https:\/\/goadvertise.net\/en\/camisetas\/\" \/>\n<meta property=\"og:locale\" content=\"en_US\" \/>\n<meta property=\"og:type\" content=\"article\" \/>\n<meta property=\"og:title\" content=\"Camisetas - G.O. Advertise\" \/>\n<meta property=\"og:description\" content=\"\u00a0 \u00a0 \u00a0 Camisetas Camisetas Si est\u00e1s interesado en personalizar camisetas para tu negocio, est\u00e1s en el lugar indicado. Tenemos much\u00edsimos modelos en diferentes calidades y colores, aunque si ya tienes camisetas, las puedes traer y te las imprimimos como m\u00e1s te gusten. Podemos imprimir cualquier art\u00edculo de tela, as\u00ed que, si quieres sudaderas, gorras, [&hellip;]\" \/>\n<meta property=\"og:url\" content=\"https:\/\/goadvertise.net\/en\/camisetas\/\" \/>\n<meta property=\"og:site_name\" content=\"G.O. Advertise\" \/>\n<meta name=\"twitter:card\" content=\"summary_large_image\" \/>\n<script type=\"application\/ld+json\" class=\"yoast-schema-graph\">{\"@context\":\"https:\/\/schema.org\",\"@graph\":[{\"@type\":\"WebPage\",\"@id\":\"https:\/\/goadvertise.net\/en\/camisetas\/\",\"url\":\"https:\/\/goadvertise.net\/en\/camisetas\/\",\"name\":\"Camisetas - G.O. Advertise\",\"isPartOf\":{\"@id\":\"https:\/\/goadvertise.net\/en\/#website\"},\"datePublished\":\"2022-03-03T12:16:19+00:00\",\"dateModified\":\"2022-03-03T12:16:19+00:00\",\"breadcrumb\":{\"@id\":\"https:\/\/goadvertise.net\/en\/camisetas\/#breadcrumb\"},\"inLanguage\":\"en-US\",\"potentialAction\":[{\"@type\":\"ReadAction\",\"target\":[\"https:\/\/goadvertise.net\/en\/camisetas\/\"]}]},{\"@type\":\"BreadcrumbList\",\"@id\":\"https:\/\/goadvertise.net\/en\/camisetas\/#breadcrumb\",\"itemListElement\":[{\"@type\":\"ListItem\",\"position\":1,\"name\":\"Home\",\"item\":\"https:\/\/goadvertise.net\/en\/\"},{\"@type\":\"ListItem\",\"position\":2,\"name\":\"Camisetas\"}]},{\"@type\":\"WebSite\",\"@id\":\"https:\/\/goadvertise.net\/en\/#website\",\"url\":\"https:\/\/goadvertise.net\/en\/\",\"name\":\"G.O. Advertise\",\"description\":\"Tu publicidad m\u00e1s internacional.\",\"potentialAction\":[{\"@type\":\"SearchAction\",\"target\":{\"@type\":\"EntryPoint\",\"urlTemplate\":\"https:\/\/goadvertise.net\/en\/?s={search_term_string}\"},\"query-input\":\"required name=search_term_string\"}],\"inLanguage\":\"en-US\"}]}<\/script>\n<!-- \/ Yoast SEO plugin. -->","yoast_head_json":{"title":"Camisetas - G.O. Advertise","robots":{"index":"index","follow":"follow","max-snippet":"max-snippet:-1","max-image-preview":"max-image-preview:large","max-video-preview":"max-video-preview:-1"},"canonical":"https:\/\/goadvertise.net\/en\/camisetas\/","og_locale":"en_US","og_type":"article","og_title":"Camisetas - G.O. Advertise","og_description":"\u00a0 \u00a0 \u00a0 Camisetas Camisetas Si est\u00e1s interesado en personalizar camisetas para tu negocio, est\u00e1s en el lugar indicado. Tenemos much\u00edsimos modelos en diferentes calidades y colores, aunque si ya tienes camisetas, las puedes traer y te las imprimimos como m\u00e1s te gusten. Podemos imprimir cualquier art\u00edculo de tela, as\u00ed que, si quieres sudaderas, gorras, [&hellip;]","og_url":"https:\/\/goadvertise.net\/en\/camisetas\/","og_site_name":"G.O. Advertise","twitter_card":"summary_large_image","schema":{"@context":"https:\/\/schema.org","@graph":[{"@type":"WebPage","@id":"https:\/\/goadvertise.net\/en\/camisetas\/","url":"https:\/\/goadvertise.net\/en\/camisetas\/","name":"Camisetas - G.O. Advertise","isPartOf":{"@id":"https:\/\/goadvertise.net\/en\/#website"},"datePublished":"2022-03-03T12:16:19+00:00","dateModified":"2022-03-03T12:16:19+00:00","breadcrumb":{"@id":"https:\/\/goadvertise.net\/en\/camisetas\/#breadcrumb"},"inLanguage":"en-US","potentialAction":[{"@type":"ReadAction","target":["https:\/\/goadvertise.net\/en\/camisetas\/"]}]},{"@type":"BreadcrumbList","@id":"https:\/\/goadvertise.net\/en\/camisetas\/#breadcrumb","itemListElement":[{"@type":"ListItem","position":1,"name":"Home","item":"https:\/\/goadvertise.net\/en\/"},{"@type":"ListItem","position":2,"name":"Camisetas"}]},{"@type":"WebSite","@id":"https:\/\/goadvertise.net\/en\/#website","url":"https:\/\/goadvertise.net\/en\/","name":"G.O. Advertise","description":"Tu publicidad m\u00e1s internacional.","potentialAction":[{"@type":"SearchAction","target":{"@type":"EntryPoint","urlTemplate":"https:\/\/goadvertise.net\/en\/?s={search_term_string}"},"query-input":"required name=search_term_string"}],"inLanguage":"en-US"}]}},"_links":{"self":[{"href":"https:\/\/goadvertise.net\/en\/wp-json\/wp\/v2\/pages\/2586"}],"collection":[{"href":"https:\/\/goadvertise.net\/en\/wp-json\/wp\/v2\/pages"}],"about":[{"href":"https:\/\/goadvertise.net\/en\/wp-json\/wp\/v2\/types\/page"}],"author":[{"embeddable":true,"href":"https:\/\/goadvertise.net\/en\/wp-json\/wp\/v2\/users\/1"}],"replies":[{"embeddable":true,"href":"https:\/\/goadvertise.net\/en\/wp-json\/wp\/v2\/comments?post=2586"}],"version-history":[{"count":0,"href":"https:\/\/goadvertise.net\/en\/wp-json\/wp\/v2\/pages\/2586\/revisions"}],"wp:attachment":[{"href":"https:\/\/goadvertise.net\/en\/wp-json\/wp\/v2\/media?parent=2586"}],"curies":[{"name":"wp","href":"https:\/\/api.w.org\/{rel}","templated":true}]}}