{"id":2619,"date":"2022-03-02T12:39:19","date_gmt":"2022-03-02T12:39:19","guid":{"rendered":"https:\/\/www.goadvertise.net\/impresion-gran-formato\/"},"modified":"2022-03-02T12:39:19","modified_gmt":"2022-03-02T12:39:19","slug":"impresion-gran-formato","status":"publish","type":"page","link":"https:\/\/goadvertise.net\/de\/impresion-gran-formato\/","title":{"rendered":"Impresi\u00f3n gran formato"},"content":{"rendered":"<p><img decoding=\"async\" src=\"\/goadvertise\/wp-content\/uploads\/2022\/01\/LOGO-GO-ADVERTISE-ES-E-blanco-bg_inverse.svg\" alt=\"\"><\/p>\n<div>\n<p>\u00a0<\/p>\n<p>\u00a0<\/p>\n<p>\u00a0<\/p>\n<\/div>\n<div>\n<h1 class=\"uk-heading-medium\" data-id=\"page#1-0-0-0\" style=\"text-align: right;\"><span class=\"uk-text-background\">Impresi\u00f3n gran formato<\/span><\/h1>\n<\/div>\n<h1>\n<p>Vinilo de impresi\u00f3n<\/p>\n<\/h1>\n<ul>\n<li>\n<p>        <img decoding=\"async\" src=\"\/goadvertise\/wp-content\/uploads\/2022\/04\/Vinylo-polimerico-laminado-pegatinas-scaled.jpg\" alt=\"\"><\/p>\n<\/li>\n<li>\n<p>        <img decoding=\"async\" src=\"\/goadvertise\/wp-content\/uploads\/2022\/04\/Rotulacion-vinylo-pared-pegatina.jpg\" alt=\"\"><\/p>\n<\/li>\n<li>\n<p>        <img decoding=\"async\" src=\"\/goadvertise\/wp-content\/uploads\/2022\/04\/Vinylo-polimerico-laminado.jpg\" alt=\"\"><\/p>\n<\/li>\n<\/ul>\n<div>\n<p><span style=\"font-size: large;\">El vinilo de impresi\u00f3n es un tipo de vinilo en el que se puede imprimir todo lo que se quiera. <\/span><\/p>\n<p><span style=\"font-size: large;\">Al igual que con el vinilo de corte, el <\/span><span style=\"font-size: large;\"><b>material es de la m\u00e1s alta calidad<\/b><\/span><span style=\"font-size: large;\"> y tiene unos resultados fabulosos.<\/span><\/p>\n<p><span style=\"font-size: large;\">Los acabados siempre los hacemos <\/span><span style=\"font-size: large;\"><b>laminado en mate o brillo<\/b><\/span><span style=\"font-size: large;\"> a gusto del cliente.<\/span><\/p>\n<\/div>\n<h1>Vinilo microperforado<\/h1>\n<ul>\n<li>\n<p>        <img decoding=\"async\" src=\"\/goadvertise\/wp-content\/uploads\/2022\/04\/vinilo-microperforado-2.jpg\" alt=\"\"><\/p>\n<\/li>\n<li>\n<p>        <img decoding=\"async\" src=\"\/goadvertise\/wp-content\/uploads\/2022\/04\/vinilo-microperforado-3.jpg\" alt=\"\"><\/p>\n<\/li>\n<li>\n<p>        <img decoding=\"async\" src=\"\/goadvertise\/wp-content\/uploads\/2022\/04\/vinilo-microperforado.jpg\" alt=\"\"><\/p>\n<\/li>\n<\/ul>\n<div>\n<p><span style=\"font-size: large;\">El vinilo microperforado se puede usar tanto para cristales de <\/span><span style=\"font-size: large;\"><b>escaparates, casetas de obras, puertas de cristal<\/b><\/span><span style=\"font-size: large;\">, o ventanas de veh\u00edculos (\u00e9stos \u00faltimos homologados). <\/span><\/p>\n<p><span style=\"font-size: large;\">Tiene una ventaja estupenda y es que desde fuera las personas que pasan ven el dise\u00f1o o informaci\u00f3n que se quiera poner sobre tu empresa, pero no podr\u00e1n ver n\u00edtidamente el interior, con lo que <\/span><span style=\"font-size: large;\"><b>ayuda a tener un poquito de privacidad<\/b><\/span><span style=\"font-size: large;\"> mientras se publicita el negocio. Otra de las ventajas es que <\/span><span style=\"font-size: large;\"><b>protege del sol<\/b><\/span><span style=\"font-size: large;\">, ya que entra menor cantidad de luz solar proporcionando un ambiente m\u00e1s fresco.<\/span><\/p>\n<\/div>\n<p><!--more--><br \/>\n<!-- {\"name\":\"Servicio\",\"type\":\"layout\",\"children\":[{\"type\":\"section\",\"props\":{\"style\":\"default\",\"width\":\"default\",\"vertical_align\":\"middle\",\"title_position\":\"top-left\",\"title_rotation\":\"left\",\"title_breakpoint\":\"xl\",\"image_position\":\"center-center\",\"padding\":\"xsmall\",\"padding_remove_top\":true},\"children\":[{\"type\":\"row\",\"children\":[{\"type\":\"column\",\"props\":{\"position_sticky_breakpoint\":\"m\",\"image_position\":\"center-center\",\"media_overlay_gradient\":\"\"},\"children\":[]}]}]},{\"type\":\"section\",\"props\":{\"style\":\"default\",\"width\":\"default\",\"vertical_align\":\"middle\",\"title_position\":\"top-left\",\"title_rotation\":\"left\",\"title_breakpoint\":\"xl\",\"image_position\":\"center-center\",\"padding\":\"small\",\"image\":\"wp-content\\\/uploads\\\/2022\\\/02\\\/Tidalwave-1.jpg\",\"media_overlay\":\"rgba(0, 0, 0, 0.4)\",\"padding_remove_bottom\":false,\"class\":\"uk-visible@m\"},\"children\":[{\"type\":\"row\",\"props\":{\"layout\":\"1-3,2-3\",\"margin_remove_top\":false,\"attributes\":\"\",\"margin_remove_bottom\":true},\"children\":[{\"type\":\"column\",\"props\":{\"position_sticky_breakpoint\":\"m\",\"image_position\":\"center-center\",\"media_overlay_gradient\":\"\",\"width_medium\":\"1-3\"},\"children\":[{\"type\":\"image\",\"props\":{\"margin\":\"default\",\"image_svg_color\":\"emphasis\",\"image\":\"wp-content\\\/uploads\\\/2022\\\/01\\\/LOGO-GO-ADVERTISE-ES-E-blanco-bg_inverse.svg\",\"image_width\":\"300\",\"image_height\":\"300\"}}]},{\"type\":\"column\",\"props\":{\"position_sticky_breakpoint\":\"m\",\"image_position\":\"center-center\",\"media_overlay_gradient\":\"\",\"width_medium\":\"2-3\"},\"children\":[{\"type\":\"text\",\"props\":{\"margin\":\"default\",\"column_breakpoint\":\"m\",\"content\":\"\n\n<p>\\u00a0<\\\/p>\\n\n\n<p>\\u00a0<\\\/p>\\n\n\n<p>\\u00a0<\\\/p>\"}},{\"type\":\"text\",\"props\":{\"margin\":\"default\",\"column_breakpoint\":\"m\",\"content\":\"\n\n<h1 class=\\\"uk-heading-medium\\\" data-id=\\\"page#1-0-0-0\\\" style=\\\"text-align: right;\\\"><span class=\\\"uk-text-background\\\">Impresi\\u00f3n gran formato<\\\/span><\\\/h1>\",\"css\":\".el-element *{\\n\\tcolor: white !important;\\n    text-shadow: 1px 1px 2px black;\\n    font-size: 32pt;\\n}\"}}]}]}],\"name\":\"service hero new\",\"modified\":\"2022-03-07T11:17:51.360Z\"},{\"type\":\"section\",\"props\":{\"style\":\"muted\",\"width\":\"large\",\"vertical_align\":\"middle\",\"title_position\":\"top-left\",\"title_rotation\":\"left\",\"title_breakpoint\":\"xl\",\"image_position\":\"center-center\",\"padding\":\"small\",\"overlap\":false},\"children\":[{\"type\":\"row\",\"children\":[{\"type\":\"column\",\"props\":{\"position_sticky_breakpoint\":\"m\",\"image_position\":\"center-center\",\"media_overlay_gradient\":\"\"},\"children\":[{\"type\":\"headline\",\"props\":{\"title_element\":\"h1\",\"content\":\"\n\n<p>Vinilo de impresi\\u00f3n<\\\/p>\"}}]}]},{\"type\":\"row\",\"props\":{\"layout\":\"1-2,1-2\"},\"children\":[{\"type\":\"column\",\"props\":{\"position_sticky_breakpoint\":\"m\",\"image_position\":\"center-center\",\"media_overlay_gradient\":\"\",\"width_medium\":\"1-2\"},\"children\":[{\"type\":\"slideshow\",\"props\":{\"show_title\":true,\"show_meta\":true,\"show_content\":true,\"show_link\":true,\"show_thumbnail\":true,\"slideshow_min_height\":\"300\",\"slideshow_autoplay_pause\":true,\"nav\":\"dotnav\",\"nav_position\":\"bottom-center\",\"nav_position_margin\":\"medium\",\"nav_align\":\"center\",\"nav_breakpoint\":\"s\",\"thumbnav_width\":\"100\",\"thumbnav_height\":\"75\",\"thumbnav_svg_color\":\"emphasis\",\"slidenav\":\"default\",\"slidenav_margin\":\"medium\",\"slidenav_breakpoint\":\"s\",\"slidenav_outside_breakpoint\":\"xl\",\"overlay_position\":\"center-left\",\"overlay_animation\":\"parallax\",\"title_element\":\"h3\",\"meta_style\":\"meta\",\"meta_align\":\"below-title\",\"meta_element\":\"div\",\"link_text\":\"Read more\",\"link_style\":\"default\",\"margin\":\"default\",\"slideshow_ratio\":\"4:3\",\"slideshow_max_height\":\"\"},\"children\":[{\"type\":\"slideshow_item\",\"props\":{\"title\":\"\",\"image\":\"wp-content\\\/uploads\\\/2022\\\/04\\\/Vinylo-polimerico-laminado-pegatinas-scaled.jpg\"}},{\"type\":\"slideshow_item\",\"props\":{\"title\":\"\",\"image\":\"wp-content\\\/uploads\\\/2022\\\/04\\\/Rotulacion-vinylo-pared-pegatina.jpg\"}},{\"type\":\"slideshow_item\",\"props\":{\"title\":\"\",\"image\":\"wp-content\\\/uploads\\\/2022\\\/04\\\/Vinylo-polimerico-laminado.jpg\"}}]}]},{\"type\":\"column\",\"props\":{\"position_sticky_breakpoint\":\"m\",\"image_position\":\"center-center\",\"media_overlay_gradient\":\"\",\"width_medium\":\"1-2\"},\"children\":[{\"type\":\"text\",\"props\":{\"margin\":\"default\",\"column_breakpoint\":\"m\",\"maxwidth\":\"2xlarge\",\"content\":\"\n\n<p><span style=\\\"font-size: large;\\\">El vinilo de impresi\\u00f3n es un tipo de vinilo en el que se puede imprimir todo lo que se quiera. <\\\/span><\\\/p>\\n\n\n<p><span style=\\\"font-size: large;\\\">Al igual que con el vinilo de corte, el <\\\/span><span style=\\\"font-size: large;\\\"><b>material es de la m\\u00e1s alta calidad<\\\/b><\\\/span><span style=\\\"font-size: large;\\\"> y tiene unos resultados fabulosos.<\\\/span><\\\/p>\\n\n\n<p><span style=\\\"font-size: large;\\\">Los acabados siempre los hacemos <\\\/span><span style=\\\"font-size: large;\\\"><b>laminado en mate o brillo<\\\/b><\\\/span><span style=\\\"font-size: large;\\\"> a gusto del cliente.<\\\/span><\\\/p>\",\"text_style\":\"lead\"}}]}]}],\"name\":\"Vinilo de impresi\\u00f3n\"},{\"type\":\"section\",\"props\":{\"style\":\"default\",\"width\":\"default\",\"vertical_align\":\"middle\",\"title_position\":\"top-left\",\"title_rotation\":\"left\",\"title_breakpoint\":\"xl\",\"image_position\":\"center-center\"},\"children\":[{\"type\":\"row\",\"children\":[{\"type\":\"column\",\"props\":{\"position_sticky_breakpoint\":\"m\",\"image_position\":\"center-center\",\"media_overlay_gradient\":\"\"},\"children\":[]}]}],\"name\":\"Margin\"},{\"type\":\"section\",\"props\":{\"style\":\"muted\",\"width\":\"large\",\"vertical_align\":\"middle\",\"title_position\":\"top-left\",\"title_rotation\":\"left\",\"title_breakpoint\":\"xl\",\"image_position\":\"center-center\",\"padding\":\"small\",\"overlap\":false},\"children\":[{\"type\":\"row\",\"children\":[{\"type\":\"column\",\"props\":{\"position_sticky_breakpoint\":\"m\",\"image_position\":\"center-center\",\"media_overlay_gradient\":\"\"},\"children\":[{\"type\":\"headline\",\"props\":{\"title_element\":\"h1\",\"content\":\"Vinilo microperforado\"}}]}]},{\"type\":\"row\",\"props\":{\"layout\":\"1-2,1-2\"},\"children\":[{\"type\":\"column\",\"props\":{\"position_sticky_breakpoint\":\"m\",\"image_position\":\"center-center\",\"media_overlay_gradient\":\"\",\"width_medium\":\"1-2\"},\"children\":[{\"type\":\"slideshow\",\"props\":{\"show_title\":true,\"show_meta\":true,\"show_content\":true,\"show_link\":true,\"show_thumbnail\":true,\"slideshow_min_height\":300,\"slideshow_autoplay_pause\":true,\"nav\":\"dotnav\",\"nav_position\":\"bottom-center\",\"nav_position_margin\":\"medium\",\"nav_align\":\"center\",\"nav_breakpoint\":\"s\",\"thumbnav_width\":\"100\",\"thumbnav_height\":\"75\",\"thumbnav_svg_color\":\"emphasis\",\"slidenav\":\"default\",\"slidenav_margin\":\"medium\",\"slidenav_breakpoint\":\"s\",\"slidenav_outside_breakpoint\":\"xl\",\"overlay_position\":\"center-left\",\"overlay_animation\":\"parallax\",\"title_element\":\"h3\",\"meta_style\":\"meta\",\"meta_align\":\"below-title\",\"meta_element\":\"div\",\"link_text\":\"Read more\",\"link_style\":\"default\",\"margin\":\"default\",\"slideshow_ratio\":\"4:3\"},\"children\":[{\"type\":\"slideshow_item\",\"props\":{\"title\":\"\",\"image\":\"wp-content\\\/uploads\\\/2022\\\/04\\\/vinilo-microperforado-2.jpg\"}},{\"type\":\"slideshow_item\",\"props\":{\"title\":\"\",\"image\":\"wp-content\\\/uploads\\\/2022\\\/04\\\/vinilo-microperforado-3.jpg\"}},{\"type\":\"slideshow_item\",\"props\":{\"title\":\"\",\"image\":\"wp-content\\\/uploads\\\/2022\\\/04\\\/vinilo-microperforado.jpg\"}}]}]},{\"type\":\"column\",\"props\":{\"position_sticky_breakpoint\":\"m\",\"image_position\":\"center-center\",\"media_overlay_gradient\":\"\",\"width_medium\":\"1-2\"},\"children\":[{\"type\":\"text\",\"props\":{\"margin\":\"default\",\"column_breakpoint\":\"m\",\"maxwidth\":\"2xlarge\",\"content\":\"\n\n<p><span style=\\\"font-size: large;\\\">El vinilo microperforado se puede usar tanto para cristales de <\\\/span><span style=\\\"font-size: large;\\\"><b>escaparates, casetas de obras, puertas de cristal<\\\/b><\\\/span><span style=\\\"font-size: large;\\\">, o ventanas de veh\\u00edculos (\\u00e9stos \\u00faltimos homologados). <\\\/span><\\\/p>\\n\n\n<p><span style=\\\"font-size: large;\\\">Tiene una ventaja estupenda y es que desde fuera las personas que pasan ven el dise\\u00f1o o informaci\\u00f3n que se quiera poner sobre tu empresa, pero no podr\\u00e1n ver n\\u00edtidamente el interior, con lo que <\\\/span><span style=\\\"font-size: large;\\\"><b>ayuda a tener un poquito de privacidad<\\\/b><\\\/span><span style=\\\"font-size: large;\\\"> mientras se publicita el negocio. Otra de las ventajas es que <\\\/span><span style=\\\"font-size: large;\\\"><b>protege del sol<\\\/b><\\\/span><span style=\\\"font-size: large;\\\">, ya que entra menor cantidad de luz solar proporcionando un ambiente m\\u00e1s fresco.<\\\/span><\\\/p>\",\"text_style\":\"lead\"}}]}]}],\"name\":\"Vinilo microperforado\"},{\"type\":\"section\",\"props\":{\"style\":\"default\",\"width\":\"default\",\"vertical_align\":\"middle\",\"title_position\":\"top-left\",\"title_rotation\":\"left\",\"title_breakpoint\":\"xl\",\"image_position\":\"center-center\"},\"children\":[{\"type\":\"row\",\"children\":[{\"type\":\"column\",\"props\":{\"position_sticky_breakpoint\":\"m\",\"image_position\":\"center-center\",\"media_overlay_gradient\":\"\"},\"children\":[]}]}],\"name\":\"Margin\"}],\"version\":\"2.7.16\"} --><\/p>\n","protected":false},"excerpt":{"rendered":"<p>\u00a0 \u00a0 \u00a0 Impresi\u00f3n gran formato Vinilo de impresi\u00f3n El vinilo de impresi\u00f3n es un tipo de vinilo en el que se puede imprimir todo lo que se quiera. Al igual que con el vinilo de corte, el material es de la m\u00e1s alta calidad y tiene unos resultados fabulosos. Los acabados siempre los hacemos [&hellip;]<\/p>\n","protected":false},"author":1,"featured_media":0,"parent":0,"menu_order":2,"comment_status":"open","ping_status":"closed","template":"","meta":[],"acf":[],"yoast_head":"<!-- This site is optimized with the Yoast SEO plugin v21.8.1 - https:\/\/yoast.com\/wordpress\/plugins\/seo\/ -->\n<title>Impresi\u00f3n gran formato - G.O. Advertise<\/title>\n<meta name=\"robots\" content=\"index, follow, max-snippet:-1, max-image-preview:large, max-video-preview:-1\" \/>\n<link rel=\"canonical\" href=\"https:\/\/goadvertise.net\/de\/impresion-gran-formato\/\" \/>\n<meta property=\"og:locale\" content=\"de_DE\" \/>\n<meta property=\"og:type\" content=\"article\" \/>\n<meta property=\"og:title\" content=\"Impresi\u00f3n gran formato - G.O. Advertise\" \/>\n<meta property=\"og:description\" content=\"\u00a0 \u00a0 \u00a0 Impresi\u00f3n gran formato Vinilo de impresi\u00f3n El vinilo de impresi\u00f3n es un tipo de vinilo en el que se puede imprimir todo lo que se quiera. Al igual que con el vinilo de corte, el material es de la m\u00e1s alta calidad y tiene unos resultados fabulosos. Los acabados siempre los hacemos [&hellip;]\" \/>\n<meta property=\"og:url\" content=\"https:\/\/goadvertise.net\/de\/impresion-gran-formato\/\" \/>\n<meta property=\"og:site_name\" content=\"G.O. Advertise\" \/>\n<meta name=\"twitter:card\" content=\"summary_large_image\" \/>\n<meta name=\"twitter:label1\" content=\"Gesch\u00e4tzte Lesezeit\" \/>\n\t<meta name=\"twitter:data1\" content=\"1\u00a0Minute\" \/>\n<script type=\"application\/ld+json\" class=\"yoast-schema-graph\">{\"@context\":\"https:\/\/schema.org\",\"@graph\":[{\"@type\":\"WebPage\",\"@id\":\"https:\/\/goadvertise.net\/de\/impresion-gran-formato\/\",\"url\":\"https:\/\/goadvertise.net\/de\/impresion-gran-formato\/\",\"name\":\"Impresi\u00f3n gran formato - G.O. Advertise\",\"isPartOf\":{\"@id\":\"https:\/\/goadvertise.net\/de\/#website\"},\"datePublished\":\"2022-03-02T12:39:19+00:00\",\"dateModified\":\"2022-03-02T12:39:19+00:00\",\"breadcrumb\":{\"@id\":\"https:\/\/goadvertise.net\/de\/impresion-gran-formato\/#breadcrumb\"},\"inLanguage\":\"de\",\"potentialAction\":[{\"@type\":\"ReadAction\",\"target\":[\"https:\/\/goadvertise.net\/de\/impresion-gran-formato\/\"]}]},{\"@type\":\"BreadcrumbList\",\"@id\":\"https:\/\/goadvertise.net\/de\/impresion-gran-formato\/#breadcrumb\",\"itemListElement\":[{\"@type\":\"ListItem\",\"position\":1,\"name\":\"Home\",\"item\":\"https:\/\/goadvertise.net\/de\/\"},{\"@type\":\"ListItem\",\"position\":2,\"name\":\"Impresi\u00f3n gran formato\"}]},{\"@type\":\"WebSite\",\"@id\":\"https:\/\/goadvertise.net\/de\/#website\",\"url\":\"https:\/\/goadvertise.net\/de\/\",\"name\":\"G.O. Advertise\",\"description\":\"Tu publicidad m\u00e1s internacional.\",\"potentialAction\":[{\"@type\":\"SearchAction\",\"target\":{\"@type\":\"EntryPoint\",\"urlTemplate\":\"https:\/\/goadvertise.net\/de\/?s={search_term_string}\"},\"query-input\":\"required name=search_term_string\"}],\"inLanguage\":\"de\"}]}<\/script>\n<!-- \/ Yoast SEO plugin. -->","yoast_head_json":{"title":"Impresi\u00f3n gran formato - G.O. Advertise","robots":{"index":"index","follow":"follow","max-snippet":"max-snippet:-1","max-image-preview":"max-image-preview:large","max-video-preview":"max-video-preview:-1"},"canonical":"https:\/\/goadvertise.net\/de\/impresion-gran-formato\/","og_locale":"de_DE","og_type":"article","og_title":"Impresi\u00f3n gran formato - G.O. Advertise","og_description":"\u00a0 \u00a0 \u00a0 Impresi\u00f3n gran formato Vinilo de impresi\u00f3n El vinilo de impresi\u00f3n es un tipo de vinilo en el que se puede imprimir todo lo que se quiera. Al igual que con el vinilo de corte, el material es de la m\u00e1s alta calidad y tiene unos resultados fabulosos. Los acabados siempre los hacemos [&hellip;]","og_url":"https:\/\/goadvertise.net\/de\/impresion-gran-formato\/","og_site_name":"G.O. Advertise","twitter_card":"summary_large_image","twitter_misc":{"Gesch\u00e4tzte Lesezeit":"1\u00a0Minute"},"schema":{"@context":"https:\/\/schema.org","@graph":[{"@type":"WebPage","@id":"https:\/\/goadvertise.net\/de\/impresion-gran-formato\/","url":"https:\/\/goadvertise.net\/de\/impresion-gran-formato\/","name":"Impresi\u00f3n gran formato - G.O. Advertise","isPartOf":{"@id":"https:\/\/goadvertise.net\/de\/#website"},"datePublished":"2022-03-02T12:39:19+00:00","dateModified":"2022-03-02T12:39:19+00:00","breadcrumb":{"@id":"https:\/\/goadvertise.net\/de\/impresion-gran-formato\/#breadcrumb"},"inLanguage":"de","potentialAction":[{"@type":"ReadAction","target":["https:\/\/goadvertise.net\/de\/impresion-gran-formato\/"]}]},{"@type":"BreadcrumbList","@id":"https:\/\/goadvertise.net\/de\/impresion-gran-formato\/#breadcrumb","itemListElement":[{"@type":"ListItem","position":1,"name":"Home","item":"https:\/\/goadvertise.net\/de\/"},{"@type":"ListItem","position":2,"name":"Impresi\u00f3n gran formato"}]},{"@type":"WebSite","@id":"https:\/\/goadvertise.net\/de\/#website","url":"https:\/\/goadvertise.net\/de\/","name":"G.O. Advertise","description":"Tu publicidad m\u00e1s internacional.","potentialAction":[{"@type":"SearchAction","target":{"@type":"EntryPoint","urlTemplate":"https:\/\/goadvertise.net\/de\/?s={search_term_string}"},"query-input":"required name=search_term_string"}],"inLanguage":"de"}]}},"_links":{"self":[{"href":"https:\/\/goadvertise.net\/de\/wp-json\/wp\/v2\/pages\/2619"}],"collection":[{"href":"https:\/\/goadvertise.net\/de\/wp-json\/wp\/v2\/pages"}],"about":[{"href":"https:\/\/goadvertise.net\/de\/wp-json\/wp\/v2\/types\/page"}],"author":[{"embeddable":true,"href":"https:\/\/goadvertise.net\/de\/wp-json\/wp\/v2\/users\/1"}],"replies":[{"embeddable":true,"href":"https:\/\/goadvertise.net\/de\/wp-json\/wp\/v2\/comments?post=2619"}],"version-history":[{"count":0,"href":"https:\/\/goadvertise.net\/de\/wp-json\/wp\/v2\/pages\/2619\/revisions"}],"wp:attachment":[{"href":"https:\/\/goadvertise.net\/de\/wp-json\/wp\/v2\/media?parent=2619"}],"curies":[{"name":"wp","href":"https:\/\/api.w.org\/{rel}","templated":true}]}}